{"id":1007,"date":"2020-09-10T17:13:42","date_gmt":"2020-09-10T15:13:42","guid":{"rendered":"https:\/\/compagnie.onimagine.fr\/?page_id=1007"},"modified":"2022-02-22T16:47:06","modified_gmt":"2022-02-22T14:47:06","slug":"le-noel-de-ma-maison-enchantee","status":"publish","type":"page","link":"https:\/\/compagnie.onimagine.fr\/?page_id=1007","title":{"rendered":"Le No\u00ebl de ma maison enchant\u00e9e"},"content":{"rendered":"\n<p style=\"text-align: center;\">\u00a0<\/p>\n\n\t\t<style type=\"text\/css\">\n\t\t\t#gallery-1 {\n\t\t\t\tmargin: auto;\n\t\t\t}\n\t\t\t#gallery-1 .gallery-item {\n\t\t\t\tfloat: left;\n\t\t\t\tmargin-top: 10px;\n\t\t\t\ttext-align: center;\n\t\t\t\twidth: 50%;\n\t\t\t}\n\t\t\t#gallery-1 img {\n\t\t\t\tborder: 2px solid #cfcfcf;\n\t\t\t}\n\t\t\t#gallery-1 .gallery-caption {\n\t\t\t\tmargin-left: 0;\n\t\t\t}\n\t\t\t\/* see gallery_shortcode() in wp-includes\/media.php *\/\n\t\t<\/style>\n\t\t<div id='gallery-1' class='gallery galleryid-1007 gallery-columns-2 gallery-size-medium'><dl class='gallery-item'>\n\t\t\t<dt class='gallery-icon landscape'>\n\t\t\t\t<a href='https:\/\/compagnie.onimagine.fr\/?attachment_id=1185'><img loading=\"lazy\" decoding=\"async\" width=\"300\" height=\"225\" src=\"https:\/\/compagnie.onimagine.fr\/wp-content\/uploads\/2020\/11\/123759095_358320678793881_2218305876836223935_n-300x225.jpg\" class=\"attachment-medium size-medium\" alt=\"\" srcset=\"https:\/\/compagnie.onimagine.fr\/wp-content\/uploads\/2020\/11\/123759095_358320678793881_2218305876836223935_n-300x225.jpg 300w, https:\/\/compagnie.onimagine.fr\/wp-content\/uploads\/2020\/11\/123759095_358320678793881_2218305876836223935_n-1024x768.jpg 1024w, https:\/\/compagnie.onimagine.fr\/wp-content\/uploads\/2020\/11\/123759095_358320678793881_2218305876836223935_n-768x576.jpg 768w, https:\/\/compagnie.onimagine.fr\/wp-content\/uploads\/2020\/11\/123759095_358320678793881_2218305876836223935_n-1536x1152.jpg 1536w, https:\/\/compagnie.onimagine.fr\/wp-content\/uploads\/2020\/11\/123759095_358320678793881_2218305876836223935_n-120x90.jpg 120w, https:\/\/compagnie.onimagine.fr\/wp-content\/uploads\/2020\/11\/123759095_358320678793881_2218305876836223935_n.jpg 2048w\" sizes=\"auto, (max-width: 300px) 100vw, 300px\" \/><\/a>\n\t\t\t<\/dt><\/dl><dl class='gallery-item'>\n\t\t\t<dt class='gallery-icon landscape'>\n\t\t\t\t<a href='https:\/\/compagnie.onimagine.fr\/?attachment_id=1186'><img loading=\"lazy\" decoding=\"async\" width=\"300\" height=\"225\" src=\"https:\/\/compagnie.onimagine.fr\/wp-content\/uploads\/2020\/11\/123045264_892947111233536_3000329570586817570_n-300x225.jpg\" class=\"attachment-medium size-medium\" alt=\"\" srcset=\"https:\/\/compagnie.onimagine.fr\/wp-content\/uploads\/2020\/11\/123045264_892947111233536_3000329570586817570_n-300x225.jpg 300w, https:\/\/compagnie.onimagine.fr\/wp-content\/uploads\/2020\/11\/123045264_892947111233536_3000329570586817570_n-1024x768.jpg 1024w, https:\/\/compagnie.onimagine.fr\/wp-content\/uploads\/2020\/11\/123045264_892947111233536_3000329570586817570_n-768x576.jpg 768w, https:\/\/compagnie.onimagine.fr\/wp-content\/uploads\/2020\/11\/123045264_892947111233536_3000329570586817570_n-1536x1152.jpg 1536w, https:\/\/compagnie.onimagine.fr\/wp-content\/uploads\/2020\/11\/123045264_892947111233536_3000329570586817570_n-120x90.jpg 120w, https:\/\/compagnie.onimagine.fr\/wp-content\/uploads\/2020\/11\/123045264_892947111233536_3000329570586817570_n.jpg 1600w\" sizes=\"auto, (max-width: 300px) 100vw, 300px\" \/><\/a>\n\t\t\t<\/dt><\/dl><br style=\"clear: both\" \/>\n\t\t<\/div>\n\n<p><img loading=\"lazy\" decoding=\"async\" class=\"aligncenter  wp-image-1095\" src=\"https:\/\/compagnie.onimagine.fr\/wp-content\/uploads\/2020\/10\/noel-newsletter-2-768x1024.png\" alt=\"\" width=\"558\" height=\"744\" srcset=\"https:\/\/compagnie.onimagine.fr\/wp-content\/uploads\/2020\/10\/noel-newsletter-2-768x1024.png 768w, https:\/\/compagnie.onimagine.fr\/wp-content\/uploads\/2020\/10\/noel-newsletter-2-225x300.png 225w, https:\/\/compagnie.onimagine.fr\/wp-content\/uploads\/2020\/10\/noel-newsletter-2-1152x1536.png 1152w, https:\/\/compagnie.onimagine.fr\/wp-content\/uploads\/2020\/10\/noel-newsletter-2-1536x2048.png 1536w\" sizes=\"auto, (max-width: 558px) 100vw, 558px\" \/><\/p>\n<p style=\"text-align: center;\"><a href=\"https:\/\/compagnie.onimagine.fr\/?page_id=39\">Demande de devis et disponibilit\u00e9 des cr\u00e9neaux<\/a><\/p>\n<p style=\"text-align: center;\">Demande d&rsquo;invitations professionnelles : contact@onimagine.fr<\/p>\n<p style=\"text-align: center;\"><a href=\"https:\/\/compagnie.onimagine.fr\/?page_id=831\">D&rsquo;autres cycles de lectures sont \u00e9galement disponibles<\/a><\/p>\n<p><a href=\"https:\/\/compagnie.onimagine.fr\/?page_id=831\"><img loading=\"lazy\" decoding=\"async\" class=\"aligncenter wp-image-1101 \" src=\"https:\/\/compagnie.onimagine.fr\/wp-content\/uploads\/2020\/10\/Cycle-de-lecture-light-300x212.png\" alt=\"\" width=\"588\" height=\"415\" srcset=\"https:\/\/compagnie.onimagine.fr\/wp-content\/uploads\/2020\/10\/Cycle-de-lecture-light-300x212.png 300w, https:\/\/compagnie.onimagine.fr\/wp-content\/uploads\/2020\/10\/Cycle-de-lecture-light-1024x724.png 1024w, https:\/\/compagnie.onimagine.fr\/wp-content\/uploads\/2020\/10\/Cycle-de-lecture-light-768x543.png 768w, https:\/\/compagnie.onimagine.fr\/wp-content\/uploads\/2020\/10\/Cycle-de-lecture-light-1536x1086.png 1536w, https:\/\/compagnie.onimagine.fr\/wp-content\/uploads\/2020\/10\/Cycle-de-lecture-light-2048x1448.png 2048w\" sizes=\"auto, (max-width: 588px) 100vw, 588px\" \/><\/a><\/p>\n<p>\u00a0<\/p>\n<p>\u00a0<\/p>\n","protected":false},"excerpt":{"rendered":"<p>\u00a0 Demande de devis et disponibilit\u00e9 des cr\u00e9neaux Demande d&rsquo;invitations professionnelles : contact@onimagine.fr D&rsquo;autres cycles de lectures sont \u00e9galement disponibles \u00a0 \u00a0<\/p>\n","protected":false},"author":1,"featured_media":0,"parent":0,"menu_order":0,"comment_status":"closed","ping_status":"closed","template":"","meta":{"footnotes":""},"class_list":["post-1007","page","type-page","status-publish","hentry"],"_links":{"self":[{"href":"https:\/\/compagnie.onimagine.fr\/index.php?rest_route=\/wp\/v2\/pages\/1007","targetHints":{"allow":["GET"]}}],"collection":[{"href":"https:\/\/compagnie.onimagine.fr\/index.php?rest_route=\/wp\/v2\/pages"}],"about":[{"href":"https:\/\/compagnie.onimagine.fr\/index.php?rest_route=\/wp\/v2\/types\/page"}],"author":[{"embeddable":true,"href":"https:\/\/compagnie.onimagine.fr\/index.php?rest_route=\/wp\/v2\/users\/1"}],"replies":[{"embeddable":true,"href":"https:\/\/compagnie.onimagine.fr\/index.php?rest_route=%2Fwp%2Fv2%2Fcomments&post=1007"}],"version-history":[{"count":23,"href":"https:\/\/compagnie.onimagine.fr\/index.php?rest_route=\/wp\/v2\/pages\/1007\/revisions"}],"predecessor-version":[{"id":1454,"href":"https:\/\/compagnie.onimagine.fr\/index.php?rest_route=\/wp\/v2\/pages\/1007\/revisions\/1454"}],"wp:attachment":[{"href":"https:\/\/compagnie.onimagine.fr\/index.php?rest_route=%2Fwp%2Fv2%2Fmedia&parent=1007"}],"curies":[{"name":"wp","href":"https:\/\/api.w.org\/{rel}","templated":true}]}}