{"id":1027,"date":"2020-09-10T18:57:35","date_gmt":"2020-09-10T16:57:35","guid":{"rendered":"https:\/\/compagnie.onimagine.fr\/?page_id=1027"},"modified":"2026-03-12T17:00:46","modified_gmt":"2026-03-12T15:00:46","slug":"allons-enfants-etc","status":"publish","type":"page","link":"https:\/\/compagnie.onimagine.fr\/?page_id=1027","title":{"rendered":"Allons enfants etc&#8230;"},"content":{"rendered":"\n<p style=\"text-align: center;\"><strong>Allons enfants, etc &#8230;<\/strong><\/p>\n<p style=\"text-align: center;\"><strong>Tourn\u00e9e du printemps 2026 \u00e0 partir du 18 mai.<br \/>Tourn\u00e9e &#8211; semaine de la la\u00efcit\u00e9 2026, \u00e0 partir du 7 d\u00e9cembre.<\/strong><\/p>\n<p>\u00a0<\/p>\n<p>Au spectacle, un homme et une femme devront s&rsquo;entendre, avec humour, bon sens et les valeurs de la R\u00e9publique : Libert\u00e9, Egalit\u00e9, Fraternit\u00e9, etc&#8230;<\/p>\n<div id=\"speDescription\">A la ville comme \u00e0 la sc\u00e8ne, on endosse parfois tous les r\u00f4les ! <br \/>En allant au spectacle, un homme et une femme vont devoir s&rsquo;accorder pour que la repr\u00e9sentation ait lieu. <br \/><br \/>Ils vont d\u00e9couvrir que la vie en soci\u00e9t\u00e9 est une source, comique, de petits drames. En jouant sur les mots et les situations, ils vont s&rsquo;apercevoir qu&rsquo;ils n&rsquo;ont sous la main que les valeurs de la R\u00e9publique pour s&rsquo;entendre, avec plus d&rsquo;humour et de bon sens qu&rsquo;on peut le croire : Libert\u00e9, Egalit\u00e9, Fraternit\u00e9, etc&#8230; <br \/>Et qui sait : vous \u00eates peut-\u00eatre, vous aussi, cette femme et cet homme&#8230;<\/div>\n<div class=\"evtCredits\"><b>Auteur :<\/b> <a href=\"https:\/\/www.billetreduc.com\/spectacle-pierric-maelstaf.htm\">Pierric Maelstaf<\/a> <br \/><b> Artistes : <\/b> <a href=\"https:\/\/www.billetreduc.com\/spectacle-anne-thunin.htm\">Anne Thunin<\/a>, <a href=\"https:\/\/www.billetreduc.com\/spectacle-david-le-roch.htm\">David Le Roch, Vanessa Jacquin<\/a><br \/><b> Metteur en sc\u00e8ne : <\/b> <a href=\"https:\/\/www.billetreduc.com\/spectacle-anne-thunin.htm\">Anne Thunin<\/a><\/div>\n<div>\u00a0<\/div>\n<div>\u00a0<\/div>\n\n\n\n<figure class=\"wp-block-embed is-type-video is-provider-youtube wp-block-embed-youtube wp-embed-aspect-16-9 wp-has-aspect-ratio\"><div class=\"wp-block-embed__wrapper\">\n<iframe loading=\"lazy\" title=\"Teaser Allons enfants etc ... Avignon 2021\" width=\"1170\" height=\"658\" src=\"https:\/\/www.youtube.com\/embed\/Hm0Mh5HQEgA?feature=oembed\" frameborder=\"0\" allow=\"accelerometer; autoplay; clipboard-write; encrypted-media; gyroscope; picture-in-picture; web-share\" referrerpolicy=\"strict-origin-when-cross-origin\" allowfullscreen><\/iframe>\n<\/div><\/figure>\n\n\n\n<p><img loading=\"lazy\" decoding=\"async\" class=\"aligncenter wp-image-1031 size-large\" src=\"https:\/\/compagnie.onimagine.fr\/wp-content\/uploads\/2020\/09\/Allons-enfants-DOSSIER-internet-1024x724.png\" alt=\"\" width=\"1024\" height=\"724\" srcset=\"https:\/\/compagnie.onimagine.fr\/wp-content\/uploads\/2020\/09\/Allons-enfants-DOSSIER-internet-1024x724.png 1024w, https:\/\/compagnie.onimagine.fr\/wp-content\/uploads\/2020\/09\/Allons-enfants-DOSSIER-internet-300x212.png 300w, https:\/\/compagnie.onimagine.fr\/wp-content\/uploads\/2020\/09\/Allons-enfants-DOSSIER-internet-768x543.png 768w, https:\/\/compagnie.onimagine.fr\/wp-content\/uploads\/2020\/09\/Allons-enfants-DOSSIER-internet-1536x1086.png 1536w, https:\/\/compagnie.onimagine.fr\/wp-content\/uploads\/2020\/09\/Allons-enfants-DOSSIER-internet-2048x1448.png 2048w\" sizes=\"auto, (max-width: 1024px) 100vw, 1024px\" \/> <img loading=\"lazy\" decoding=\"async\" class=\"aligncenter size-large wp-image-1037\" src=\"https:\/\/compagnie.onimagine.fr\/wp-content\/uploads\/2020\/09\/Allons-enfants-DOSSIER-internet2-1024x724.png\" alt=\"\" width=\"1024\" height=\"724\" srcset=\"https:\/\/compagnie.onimagine.fr\/wp-content\/uploads\/2020\/09\/Allons-enfants-DOSSIER-internet2-1024x724.png 1024w, https:\/\/compagnie.onimagine.fr\/wp-content\/uploads\/2020\/09\/Allons-enfants-DOSSIER-internet2-300x212.png 300w, https:\/\/compagnie.onimagine.fr\/wp-content\/uploads\/2020\/09\/Allons-enfants-DOSSIER-internet2-768x543.png 768w, https:\/\/compagnie.onimagine.fr\/wp-content\/uploads\/2020\/09\/Allons-enfants-DOSSIER-internet2-1536x1086.png 1536w, https:\/\/compagnie.onimagine.fr\/wp-content\/uploads\/2020\/09\/Allons-enfants-DOSSIER-internet2-2048x1448.png 2048w\" sizes=\"auto, (max-width: 1024px) 100vw, 1024px\" \/> <img loading=\"lazy\" decoding=\"async\" class=\"aligncenter size-large wp-image-1036\" src=\"https:\/\/compagnie.onimagine.fr\/wp-content\/uploads\/2020\/09\/Allons-enfants-DOSSIER-internet3-1024x724.png\" alt=\"\" width=\"1024\" height=\"724\" srcset=\"https:\/\/compagnie.onimagine.fr\/wp-content\/uploads\/2020\/09\/Allons-enfants-DOSSIER-internet3-1024x724.png 1024w, https:\/\/compagnie.onimagine.fr\/wp-content\/uploads\/2020\/09\/Allons-enfants-DOSSIER-internet3-300x212.png 300w, https:\/\/compagnie.onimagine.fr\/wp-content\/uploads\/2020\/09\/Allons-enfants-DOSSIER-internet3-768x543.png 768w, https:\/\/compagnie.onimagine.fr\/wp-content\/uploads\/2020\/09\/Allons-enfants-DOSSIER-internet3-1536x1086.png 1536w, https:\/\/compagnie.onimagine.fr\/wp-content\/uploads\/2020\/09\/Allons-enfants-DOSSIER-internet3-2048x1448.png 2048w\" sizes=\"auto, (max-width: 1024px) 100vw, 1024px\" \/> <img loading=\"lazy\" decoding=\"async\" class=\"aligncenter size-large wp-image-1035\" src=\"https:\/\/compagnie.onimagine.fr\/wp-content\/uploads\/2020\/09\/Allons-enfants-DOSSIER-internet4-1024x724.png\" alt=\"\" width=\"1024\" height=\"724\" srcset=\"https:\/\/compagnie.onimagine.fr\/wp-content\/uploads\/2020\/09\/Allons-enfants-DOSSIER-internet4-1024x724.png 1024w, https:\/\/compagnie.onimagine.fr\/wp-content\/uploads\/2020\/09\/Allons-enfants-DOSSIER-internet4-300x212.png 300w, https:\/\/compagnie.onimagine.fr\/wp-content\/uploads\/2020\/09\/Allons-enfants-DOSSIER-internet4-768x543.png 768w, https:\/\/compagnie.onimagine.fr\/wp-content\/uploads\/2020\/09\/Allons-enfants-DOSSIER-internet4-1536x1086.png 1536w, https:\/\/compagnie.onimagine.fr\/wp-content\/uploads\/2020\/09\/Allons-enfants-DOSSIER-internet4-2048x1448.png 2048w\" sizes=\"auto, (max-width: 1024px) 100vw, 1024px\" \/> <img loading=\"lazy\" decoding=\"async\" class=\"aligncenter size-large wp-image-1034\" src=\"https:\/\/compagnie.onimagine.fr\/wp-content\/uploads\/2020\/09\/Allons-enfants-DOSSIER-internet5-1024x724.png\" alt=\"\" width=\"1024\" height=\"724\" srcset=\"https:\/\/compagnie.onimagine.fr\/wp-content\/uploads\/2020\/09\/Allons-enfants-DOSSIER-internet5-1024x724.png 1024w, https:\/\/compagnie.onimagine.fr\/wp-content\/uploads\/2020\/09\/Allons-enfants-DOSSIER-internet5-300x212.png 300w, https:\/\/compagnie.onimagine.fr\/wp-content\/uploads\/2020\/09\/Allons-enfants-DOSSIER-internet5-768x543.png 768w, https:\/\/compagnie.onimagine.fr\/wp-content\/uploads\/2020\/09\/Allons-enfants-DOSSIER-internet5-1536x1086.png 1536w, https:\/\/compagnie.onimagine.fr\/wp-content\/uploads\/2020\/09\/Allons-enfants-DOSSIER-internet5-2048x1448.png 2048w\" sizes=\"auto, (max-width: 1024px) 100vw, 1024px\" \/> <img loading=\"lazy\" decoding=\"async\" class=\"aligncenter size-large wp-image-1033\" src=\"https:\/\/compagnie.onimagine.fr\/wp-content\/uploads\/2020\/09\/Allons-enfants-DOSSIER-internet6-1024x724.png\" alt=\"\" width=\"1024\" height=\"724\" srcset=\"https:\/\/compagnie.onimagine.fr\/wp-content\/uploads\/2020\/09\/Allons-enfants-DOSSIER-internet6-1024x724.png 1024w, https:\/\/compagnie.onimagine.fr\/wp-content\/uploads\/2020\/09\/Allons-enfants-DOSSIER-internet6-300x212.png 300w, https:\/\/compagnie.onimagine.fr\/wp-content\/uploads\/2020\/09\/Allons-enfants-DOSSIER-internet6-768x543.png 768w, https:\/\/compagnie.onimagine.fr\/wp-content\/uploads\/2020\/09\/Allons-enfants-DOSSIER-internet6-1536x1086.png 1536w, https:\/\/compagnie.onimagine.fr\/wp-content\/uploads\/2020\/09\/Allons-enfants-DOSSIER-internet6-2048x1448.png 2048w\" sizes=\"auto, (max-width: 1024px) 100vw, 1024px\" \/> <img loading=\"lazy\" decoding=\"async\" class=\"aligncenter size-large wp-image-1032\" src=\"https:\/\/compagnie.onimagine.fr\/wp-content\/uploads\/2020\/09\/Allons-enfants-DOSSIER-internet7-1024x724.png\" alt=\"\" width=\"1024\" height=\"724\" srcset=\"https:\/\/compagnie.onimagine.fr\/wp-content\/uploads\/2020\/09\/Allons-enfants-DOSSIER-internet7-1024x724.png 1024w, https:\/\/compagnie.onimagine.fr\/wp-content\/uploads\/2020\/09\/Allons-enfants-DOSSIER-internet7-300x212.png 300w, https:\/\/compagnie.onimagine.fr\/wp-content\/uploads\/2020\/09\/Allons-enfants-DOSSIER-internet7-768x543.png 768w, https:\/\/compagnie.onimagine.fr\/wp-content\/uploads\/2020\/09\/Allons-enfants-DOSSIER-internet7-1536x1086.png 1536w, https:\/\/compagnie.onimagine.fr\/wp-content\/uploads\/2020\/09\/Allons-enfants-DOSSIER-internet7-2048x1448.png 2048w\" sizes=\"auto, (max-width: 1024px) 100vw, 1024px\" \/><\/p>\n\n\n\n<pre class=\"wp-block-code\"><code><\/code><\/pre>\n","protected":false},"excerpt":{"rendered":"<p>Allons enfants, etc &#8230; Tourn\u00e9e du printemps 2026 \u00e0 partir du 18 mai.Tourn\u00e9e &#8211; semaine de la la\u00efcit\u00e9 2026, \u00e0 partir du 7 d\u00e9cembre. \u00a0 Au spectacle, un homme et une femme devront s&rsquo;entendre, avec humour, bon sens et les valeurs de la R\u00e9publique : Libert\u00e9, Egalit\u00e9, Fraternit\u00e9, etc&#8230; A la ville comme \u00e0 la&hellip;<\/p>\n","protected":false},"author":1,"featured_media":0,"parent":0,"menu_order":0,"comment_status":"closed","ping_status":"closed","template":"","meta":{"footnotes":""},"class_list":["post-1027","page","type-page","status-publish","hentry"],"_links":{"self":[{"href":"https:\/\/compagnie.onimagine.fr\/index.php?rest_route=\/wp\/v2\/pages\/1027","targetHints":{"allow":["GET"]}}],"collection":[{"href":"https:\/\/compagnie.onimagine.fr\/index.php?rest_route=\/wp\/v2\/pages"}],"about":[{"href":"https:\/\/compagnie.onimagine.fr\/index.php?rest_route=\/wp\/v2\/types\/page"}],"author":[{"embeddable":true,"href":"https:\/\/compagnie.onimagine.fr\/index.php?rest_route=\/wp\/v2\/users\/1"}],"replies":[{"embeddable":true,"href":"https:\/\/compagnie.onimagine.fr\/index.php?rest_route=%2Fwp%2Fv2%2Fcomments&post=1027"}],"version-history":[{"count":22,"href":"https:\/\/compagnie.onimagine.fr\/index.php?rest_route=\/wp\/v2\/pages\/1027\/revisions"}],"predecessor-version":[{"id":1656,"href":"https:\/\/compagnie.onimagine.fr\/index.php?rest_route=\/wp\/v2\/pages\/1027\/revisions\/1656"}],"wp:attachment":[{"href":"https:\/\/compagnie.onimagine.fr\/index.php?rest_route=%2Fwp%2Fv2%2Fmedia&parent=1027"}],"curies":[{"name":"wp","href":"https:\/\/api.w.org\/{rel}","templated":true}]}}