{"id":116,"date":"2014-10-14T17:06:06","date_gmt":"2014-10-14T17:06:06","guid":{"rendered":"http:\/\/compagnie.onimagine.fr\/?page_id=116"},"modified":"2019-09-24T18:39:31","modified_gmt":"2019-09-24T16:39:31","slug":"la-comedienne-et-metteur-en-scene-anne-mauberret-thunin","status":"publish","type":"page","link":"https:\/\/compagnie.onimagine.fr\/?page_id=116","title":{"rendered":"Anne Thunin"},"content":{"rendered":"<p style=\"text-align: justify;\"><em>Anne Thunin intervient comme directrice artistique de la Compagnie Onimagine depuis sa cr\u00e9ation. Elle met en sc\u00e8ne et\/ou interpr\u00e8te les spectacles de la Compagnie.<\/em><\/p>\n<p style=\"text-align: justify;\"><strong><span style=\"text-decoration: underline;\">Sa formation<\/span><\/strong><\/p>\n<div id=\"attachment_508\" style=\"width: 130px\" class=\"wp-caption alignleft\"><a href=\"https:\/\/compagnie.onimagine.fr\/wp-content\/uploads\/2019\/09\/DSC09408-001.jpg\"><img loading=\"lazy\" decoding=\"async\" aria-describedby=\"caption-attachment-508\" class=\"wp-image-508\" src=\"https:\/\/compagnie.onimagine.fr\/wp-content\/uploads\/2019\/09\/DSC09408-001-200x300.jpg\" alt=\"Photo Jean-Philippe Carlier\" width=\"120\" height=\"180\" srcset=\"https:\/\/compagnie.onimagine.fr\/wp-content\/uploads\/2019\/09\/DSC09408-001-200x300.jpg 200w, https:\/\/compagnie.onimagine.fr\/wp-content\/uploads\/2019\/09\/DSC09408-001-768x1152.jpg 768w, https:\/\/compagnie.onimagine.fr\/wp-content\/uploads\/2019\/09\/DSC09408-001-683x1024.jpg 683w\" sizes=\"auto, (max-width: 120px) 100vw, 120px\" \/><\/a><p id=\"caption-attachment-508\" class=\"wp-caption-text\">Photo Jean-Philippe Carlier<\/p><\/div>\n<p style=\"text-align: justify;\">Apr\u00e8s deux ans au <strong>conservatoire du 10\u00b0 arrondissement de Paris<\/strong> o\u00f9 elle suit les cours de J. L. Bihoreau, elle int\u00e8gre <strong>l&rsquo;ESAD (\u00e9cole sup\u00e9rieure d&rsquo;art dramatique de la ville de Paris)<\/strong> sous la direction de J.- C. Cotillard, o\u00f9 elle se forme durant trois ans avec diff\u00e9rents intervenants (Jean-Claude Cotillard, Christian Benedetti, J\u00e9r\u00f4me Robart, Yves Pignot, Laurence Bourdil, Christophe Patty, Sylvie Chenus, Rafa\u00eble Minnaert, Amnon Beham, Val\u00e9rie Onnis, Licinio Da Silva), dans des domaines vari\u00e9s comme le masque, l&rsquo;interpr\u00e9tation, l&rsquo;\u00e9criture ou encore le chant et la danse.<\/p>\n<p style=\"text-align: justify;\"><strong><span style=\"text-decoration: underline;\">Son parcours artistique<\/span><\/strong><\/p>\n<p style=\"text-align: justify;\"><strong><span style=\"text-decoration: underline;\"><a href=\"https:\/\/compagnie.onimagine.fr\/wp-content\/uploads\/2014\/10\/ours_1.jpg\"><img loading=\"lazy\" decoding=\"async\" class=\" wp-image-121 alignleft\" src=\"https:\/\/compagnie.onimagine.fr\/wp-content\/uploads\/2014\/10\/ours_1.jpg\" alt=\"ours_1\" width=\"152\" height=\"119\" srcset=\"https:\/\/compagnie.onimagine.fr\/wp-content\/uploads\/2014\/10\/ours_1.jpg 200w, https:\/\/compagnie.onimagine.fr\/wp-content\/uploads\/2014\/10\/ours_1-192x150.jpg 192w, https:\/\/compagnie.onimagine.fr\/wp-content\/uploads\/2014\/10\/ours_1-150x117.jpg 150w\" sizes=\"auto, (max-width: 152px) 100vw, 152px\" \/><\/a><\/span><\/strong>Pendant sa formation, elle commence \u00e0 travailler avec le Star Th\u00e9\u00e2tre \/ Compagnie Isabelle Starkier, qui la met en sc\u00e8ne dans Le Marchand de Venise de Shakespeare, puis suivra T\u00eates rondes et T\u00eates Pointues de Brecht dans lequel elle joue diff\u00e9rents personnages, masculins et f\u00e9minins, et o\u00f9 elle renoue avec le plaisir du chant. Elle continue ensuite sa collaboration artistique avec Isabelle Starkier et d\u00e9veloppe son go\u00fbt pour la m\u00e9tamorphose virtuose en montant un spectacle tout public et itin\u00e9rant : Scrooge, une adaptation d\u2019un Chant de No\u00ebl de Charles Dickens, o\u00f9, seule en sc\u00e8ne, elle incarne \u00e0 la fois la narratrice et tous les personnages de l\u2019histoire, par la magie de la manipulation d\u2019objets, de l\u2019utilisation de masques et de la transformation de sa voix. Durant la tourn\u00e9e de ce spectacle toujours demand\u00e9, elle rejoint le projet Le bal de Kafka de T. Daly qui conna\u00eetra un certain succ\u00e8s \u00e0 Paris (Th\u00e9\u00e2tre de l\u2019Opprim\u00e9) et \u00e0 Avignon (Th\u00e9\u00e2tre des Halles en 2009).<\/p>\n<p style=\"text-align: justify;\">Elle rencontre alors Erika Vandelet, co-directrice du Th\u00e9\u00e2tre de l\u2019Echange, qui la met en sc\u00e8ne dans Le Jeu de l\u2019amour et du hasard de Marivaux (r\u00f4le de Lisette) et actuellement dans Le Roi se meurt d\u2019Eug\u00e8ne Ionesco (le r\u00f4le de la reine Marie). En 2013, elle joue Mais je suis un ours d\u2019apr\u00e8s le livre jeunesse de Frank Tashlin. La complicit\u00e9 d\u2019Erika Vandelet est toujours active dans les productions d\u2019Onimagine et les projets d\u2019Anne Mauberret-Thunin.<\/p>\n<p style=\"text-align: justify;\">Entre ces deux cr\u00e9ations, elle rejoint Guy-Pierre Couleau au CDR de Colmar pour tenir le r\u00f4le de Molly Byrne dans La Fontaine aux saints de J.-M. Synge. Depuis trois ans, elle met en sc\u00e8ne les manifestations th\u00e9\u00e2trales cr\u00e9\u00e9es dans le cadre du festival Boulevard Sainte-Beuve \u00e0 Boulogne-sur-Mer. Elle collabore avec l\u2019auteur Pierric Maelstaf sur trois de ses textes : En 2012 Contre d\u2019apr\u00e8s les textes de jeunesse de Marcel Proust, 2013 Sort et enfin en 2014 Laexico\u2026<\/p>\n<p><strong><span style=\"text-decoration: underline;\">Ses interventions et actions culturelles aupr\u00e8s du public<\/span><\/strong><\/p>\n<p style=\"text-align: justify;\"><a href=\"https:\/\/compagnie.onimagine.fr\/wp-content\/uploads\/2019\/09\/14991267_1800342186907609_3591908950363729581_o.jpg\"><img loading=\"lazy\" decoding=\"async\" class=\" wp-image-510 alignleft\" src=\"https:\/\/compagnie.onimagine.fr\/wp-content\/uploads\/2019\/09\/14991267_1800342186907609_3591908950363729581_o-300x200.jpg\" alt=\"\" width=\"188\" height=\"125\" srcset=\"https:\/\/compagnie.onimagine.fr\/wp-content\/uploads\/2019\/09\/14991267_1800342186907609_3591908950363729581_o-300x200.jpg 300w, https:\/\/compagnie.onimagine.fr\/wp-content\/uploads\/2019\/09\/14991267_1800342186907609_3591908950363729581_o-768x512.jpg 768w, https:\/\/compagnie.onimagine.fr\/wp-content\/uploads\/2019\/09\/14991267_1800342186907609_3591908950363729581_o-1024x683.jpg 1024w, https:\/\/compagnie.onimagine.fr\/wp-content\/uploads\/2019\/09\/14991267_1800342186907609_3591908950363729581_o.jpg 2048w\" sizes=\"auto, (max-width: 188px) 100vw, 188px\" \/><\/a><br \/>\nMarraine et artiste associ\u00e9e au th\u00e9\u00e2tre de Chevilly-Larue (94) pendant six ans, elle intervient dans les \u00e9coles chevillaises : de l\u2019\u00e9cole maternelle au lyc\u00e9e, en passant par les \u00e9coles primaires et les coll\u00e8ges.<\/p>\n<p style=\"text-align: justify;\">Dans le but d\u2019accompagner les jeunes dans une initiation \u00e0 la pratique th\u00e9\u00e2trale et \u00e0 son r\u00f4le de spectateur, elle imagine diff\u00e9rents ateliers en collaboration avec le projet p\u00e9dagogique de l\u2019\u00e9cole et la saison culturelle du Th\u00e9\u00e2tre Andr\u00e9 Malraux de Chevilly. En plus de ce travail, elle se voit confier en 2011 et 2012 la mise en sc\u00e8ne de deux spectacles \u00e0 monter dans des conditions professionnelles avec un groupe d\u2019enfants de 9-13 ans. Ces cr\u00e9ations sont, dans un premier temps, un travail d\u2019\u00e9criture avec les enfants autour des th\u00e8mes de l\u2019identit\u00e9 et du rapport au virtuel. Dans un second temps, place au jeu et \u00e0 la mise en sc\u00e8ne. Naissent alors Nous sommes Beaux ! (en 2011) et Nous sommes vivants ! (en 2012). Ces deux spectacles sont jou\u00e9s au th\u00e9\u00e2tre de Chevilly-Larue devant un public de parents et d\u2019abonn\u00e9s en collaboration avec l\u2019\u00e9quipe technique du lieu.<\/p>\n<p style=\"text-align: justify;\">Elle travaille \u00e9galement avec le Th\u00e9\u00e2tre Firmin G\u00e9mier \u00e0 Antony (92) pour mettre en sc\u00e8ne des projets imagin\u00e9s par des enseignants avec leurs \u00e9l\u00e8ves. C\u2019est ainsi qu\u2019elle collabore avec une \u00e9cole primaire pour leur spectacle Les Femmes dans l\u2019art \u00e0 partir de cr\u00e9ations plastiques et d\u2019\u00e9crits produits \u00e0 l\u2019\u00e9cole par deux classes de CM1, ainsi qu\u2019avec une \u00e9cole maternelle pour Le Voyage du petit chaperon rouge avec deux classes de grande section en maternelle.Elle participe aussi \u00e0 l\u2019accompagnement d\u2019une classe APAC de quatri\u00e8me sur sa r\u00e9flexion autour de Marivaux.<\/p>\n<p style=\"text-align: justify;\">Elle anime des stages et des formations pour les adultes autour de la lecture \u00e0 haute voix dans le Boulonnais ainsi que pour des personnes en r\u00e9insertion et en rupture de confiance avec La Maison de l\u2019Emploi du Boulonnais. Elle fait un travail sur la ma\u00eetrise du corps, sur l\u2019engagement \u00e0 oser agir, ainsi que sur la prise de parole en public. Elle retrouve cette formation avec les coll\u00e9giens de quatri\u00e8me-troisi\u00e8me \u00e0 qui elle donne un atelier d\u2019orateurs lors de la manifestation du prix Sainte-Beuve des coll\u00e9giens dans tout le d\u00e9partement du Pas-de-Calais.<\/p>\n<p style=\"text-align: justify;\">Elle a donc sensibilis\u00e9 plus d\u2019une centaine de classes durant toutes ces ann\u00e9es, rencontr\u00e9 diff\u00e9rents publics (moyenne section en maternelle, classe CLA au coll\u00e8ge, lyc\u00e9ens en difficult\u00e9 dans leur parcours scolaires, classe de primaires, ch\u00f4meurs et tant d\u2019autres) ; elle a d\u00fb s\u2019adapter \u00e0 diff\u00e9rentes \u00e9quipes, diff\u00e9rents projets et diff\u00e9rentes personnalit\u00e9s mais toujours en remettant en question sa pratique, en essayant d\u2019\u00eatre sans cesse au plus pr\u00e8s de l\u2019humain, cr\u00e9er du lien dans les groupes, en montrant \u00e0 tous leurs propres possibilit\u00e9s de cr\u00e9er, d\u2019imaginer, de se questionner et de questionner le monde, gr\u00e2ce aux outils du th\u00e9\u00e2tre, et avec le soucis du respect de chacun.<\/p>\n","protected":false},"excerpt":{"rendered":"<p>Anne Thunin intervient comme directrice artistique de la Compagnie Onimagine depuis sa cr\u00e9ation. Elle met en sc\u00e8ne et\/ou interpr\u00e8te les spectacles de la Compagnie. Sa formation Apr\u00e8s deux ans au conservatoire du 10\u00b0 arrondissement de Paris o\u00f9 elle suit les cours de J. L. Bihoreau, elle int\u00e8gre l&rsquo;ESAD (\u00e9cole sup\u00e9rieure d&rsquo;art dramatique de la ville&hellip;<\/p>\n","protected":false},"author":1,"featured_media":0,"parent":0,"menu_order":0,"comment_status":"open","ping_status":"open","template":"","meta":{"footnotes":""},"class_list":["post-116","page","type-page","status-publish","hentry"],"_links":{"self":[{"href":"https:\/\/compagnie.onimagine.fr\/index.php?rest_route=\/wp\/v2\/pages\/116","targetHints":{"allow":["GET"]}}],"collection":[{"href":"https:\/\/compagnie.onimagine.fr\/index.php?rest_route=\/wp\/v2\/pages"}],"about":[{"href":"https:\/\/compagnie.onimagine.fr\/index.php?rest_route=\/wp\/v2\/types\/page"}],"author":[{"embeddable":true,"href":"https:\/\/compagnie.onimagine.fr\/index.php?rest_route=\/wp\/v2\/users\/1"}],"replies":[{"embeddable":true,"href":"https:\/\/compagnie.onimagine.fr\/index.php?rest_route=%2Fwp%2Fv2%2Fcomments&post=116"}],"version-history":[{"count":14,"href":"https:\/\/compagnie.onimagine.fr\/index.php?rest_route=\/wp\/v2\/pages\/116\/revisions"}],"predecessor-version":[{"id":647,"href":"https:\/\/compagnie.onimagine.fr\/index.php?rest_route=\/wp\/v2\/pages\/116\/revisions\/647"}],"wp:attachment":[{"href":"https:\/\/compagnie.onimagine.fr\/index.php?rest_route=%2Fwp%2Fv2%2Fmedia&parent=116"}],"curies":[{"name":"wp","href":"https:\/\/api.w.org\/{rel}","templated":true}]}}