{"id":1170,"date":"2020-11-04T11:45:30","date_gmt":"2020-11-04T09:45:30","guid":{"rendered":"https:\/\/compagnie.onimagine.fr\/?page_id=1170"},"modified":"2021-02-02T09:58:03","modified_gmt":"2021-02-02T07:58:03","slug":"interventions-a-lecole","status":"publish","type":"page","link":"https:\/\/compagnie.onimagine.fr\/?page_id=1170","title":{"rendered":"Interventions \u00e0 l&rsquo;\u00e9cole"},"content":{"rendered":"\n<div class=\"wp-block-file\"><a href=\"https:\/\/compagnie.onimagine.fr\/wp-content\/uploads\/2020\/11\/Dossier-e\u0301coles-1.pdf\">Dossier complet<\/a><a href=\"https:\/\/compagnie.onimagine.fr\/wp-content\/uploads\/2020\/11\/Dossier-e\u0301coles-1.pdf\" class=\"wp-block-file__button\" download>T\u00e9l\u00e9charger<\/a><\/div>\n\n\n\n<p><img loading=\"lazy\" decoding=\"async\" class=\"aligncenter wp-image-1166 size-full\" src=\"https:\/\/compagnie.onimagine.fr\/wp-content\/uploads\/2020\/11\/Ecole-page-5.png\" alt=\"\" width=\"7016\" height=\"4961\" srcset=\"https:\/\/compagnie.onimagine.fr\/wp-content\/uploads\/2020\/11\/Ecole-page-5.png 7016w, https:\/\/compagnie.onimagine.fr\/wp-content\/uploads\/2020\/11\/Ecole-page-5-300x212.png 300w, https:\/\/compagnie.onimagine.fr\/wp-content\/uploads\/2020\/11\/Ecole-page-5-1024x724.png 1024w, https:\/\/compagnie.onimagine.fr\/wp-content\/uploads\/2020\/11\/Ecole-page-5-768x543.png 768w, https:\/\/compagnie.onimagine.fr\/wp-content\/uploads\/2020\/11\/Ecole-page-5-1536x1086.png 1536w, https:\/\/compagnie.onimagine.fr\/wp-content\/uploads\/2020\/11\/Ecole-page-5-2048x1448.png 2048w\" sizes=\"auto, (max-width: 7016px) 100vw, 7016px\" \/><\/p>\n<p>Pour t\u00e9l\u00e9charger le dossier de nos interventions possibles \u00e0 l\u2019\u00e9cole, <a href=\"https:\/\/compagnie.onimagine.fr\/wp-content\/uploads\/2020\/11\/Dossier-e\u0301coles-1.pdf\">c\u2019est ici.<\/a><\/p>\n<p>Vous pouvez \u00e9galement retrouver sur notre site internet des dossiers d\u00e9taill\u00e9s concernant chaque spectacle et nous sommes \u00e0 votre disposition pour \u00e9laborer ensemble le projet qui vous conviendra le mieux.<\/p>\n<p><img loading=\"lazy\" decoding=\"async\" class=\"aligncenter size-full wp-image-1175\" src=\"https:\/\/compagnie.onimagine.fr\/wp-content\/uploads\/2020\/11\/kami-4-et-5.png\" alt=\"\" width=\"9921\" height=\"7016\" srcset=\"https:\/\/compagnie.onimagine.fr\/wp-content\/uploads\/2020\/11\/kami-4-et-5.png 9921w, https:\/\/compagnie.onimagine.fr\/wp-content\/uploads\/2020\/11\/kami-4-et-5-300x212.png 300w, https:\/\/compagnie.onimagine.fr\/wp-content\/uploads\/2020\/11\/kami-4-et-5-1024x724.png 1024w, https:\/\/compagnie.onimagine.fr\/wp-content\/uploads\/2020\/11\/kami-4-et-5-768x543.png 768w, https:\/\/compagnie.onimagine.fr\/wp-content\/uploads\/2020\/11\/kami-4-et-5-1536x1086.png 1536w, https:\/\/compagnie.onimagine.fr\/wp-content\/uploads\/2020\/11\/kami-4-et-5-2048x1448.png 2048w\" sizes=\"auto, (max-width: 9921px) 100vw, 9921px\" \/><\/p>\n<p><img loading=\"lazy\" decoding=\"async\" class=\"aligncenter size-full wp-image-1176\" src=\"https:\/\/compagnie.onimagine.fr\/wp-content\/uploads\/2020\/11\/On-imagine-page-2-et-3.png\" alt=\"\" width=\"9921\" height=\"7016\" srcset=\"https:\/\/compagnie.onimagine.fr\/wp-content\/uploads\/2020\/11\/On-imagine-page-2-et-3.png 9921w, https:\/\/compagnie.onimagine.fr\/wp-content\/uploads\/2020\/11\/On-imagine-page-2-et-3-300x212.png 300w, https:\/\/compagnie.onimagine.fr\/wp-content\/uploads\/2020\/11\/On-imagine-page-2-et-3-1024x724.png 1024w, https:\/\/compagnie.onimagine.fr\/wp-content\/uploads\/2020\/11\/On-imagine-page-2-et-3-768x543.png 768w, https:\/\/compagnie.onimagine.fr\/wp-content\/uploads\/2020\/11\/On-imagine-page-2-et-3-1536x1086.png 1536w, https:\/\/compagnie.onimagine.fr\/wp-content\/uploads\/2020\/11\/On-imagine-page-2-et-3-2048x1448.png 2048w\" sizes=\"auto, (max-width: 9921px) 100vw, 9921px\" \/><\/p>\n<p><img loading=\"lazy\" decoding=\"async\" class=\"aligncenter size-full wp-image-1177\" src=\"https:\/\/compagnie.onimagine.fr\/wp-content\/uploads\/2020\/11\/On-imagine-page-ateliers.png\" alt=\"\" width=\"9921\" height=\"7016\" srcset=\"https:\/\/compagnie.onimagine.fr\/wp-content\/uploads\/2020\/11\/On-imagine-page-ateliers.png 9921w, https:\/\/compagnie.onimagine.fr\/wp-content\/uploads\/2020\/11\/On-imagine-page-ateliers-300x212.png 300w, https:\/\/compagnie.onimagine.fr\/wp-content\/uploads\/2020\/11\/On-imagine-page-ateliers-1024x724.png 1024w, https:\/\/compagnie.onimagine.fr\/wp-content\/uploads\/2020\/11\/On-imagine-page-ateliers-768x543.png 768w, https:\/\/compagnie.onimagine.fr\/wp-content\/uploads\/2020\/11\/On-imagine-page-ateliers-1536x1086.png 1536w, https:\/\/compagnie.onimagine.fr\/wp-content\/uploads\/2020\/11\/On-imagine-page-ateliers-2048x1448.png 2048w\" sizes=\"auto, (max-width: 9921px) 100vw, 9921px\" \/><\/p>\n<p>Pour aborder les valeurs de la R\u00e9publique avec les plus jeunes, la Compagnie Onimagine vous propose un cycle de lecture-Spectacle \u00ab\u00a0\u00e7a m&rsquo;est \u00e9gal\u00a0\u00bb\u00a0<\/p>\n\n\t\t<style type=\"text\/css\">\n\t\t\t#gallery-1 {\n\t\t\t\tmargin: auto;\n\t\t\t}\n\t\t\t#gallery-1 .gallery-item {\n\t\t\t\tfloat: left;\n\t\t\t\tmargin-top: 10px;\n\t\t\t\ttext-align: center;\n\t\t\t\twidth: 33%;\n\t\t\t}\n\t\t\t#gallery-1 img {\n\t\t\t\tborder: 2px solid #cfcfcf;\n\t\t\t}\n\t\t\t#gallery-1 .gallery-caption {\n\t\t\t\tmargin-left: 0;\n\t\t\t}\n\t\t\t\/* see gallery_shortcode() in wp-includes\/media.php *\/\n\t\t<\/style>\n\t\t<div id='gallery-1' class='gallery galleryid-1170 gallery-columns-3 gallery-size-medium'><dl class='gallery-item'>\n\t\t\t<dt class='gallery-icon portrait'>\n\t\t\t\t<a href='https:\/\/compagnie.onimagine.fr\/?attachment_id=1148'><img loading=\"lazy\" decoding=\"async\" width=\"200\" height=\"300\" src=\"https:\/\/compagnie.onimagine.fr\/wp-content\/uploads\/2020\/10\/IMG_7566-200x300.jpg\" class=\"attachment-medium size-medium\" alt=\"\" srcset=\"https:\/\/compagnie.onimagine.fr\/wp-content\/uploads\/2020\/10\/IMG_7566-200x300.jpg 200w, https:\/\/compagnie.onimagine.fr\/wp-content\/uploads\/2020\/10\/IMG_7566-683x1024.jpg 683w, https:\/\/compagnie.onimagine.fr\/wp-content\/uploads\/2020\/10\/IMG_7566-768x1152.jpg 768w, https:\/\/compagnie.onimagine.fr\/wp-content\/uploads\/2020\/10\/IMG_7566-1024x1536.jpg 1024w, https:\/\/compagnie.onimagine.fr\/wp-content\/uploads\/2020\/10\/IMG_7566-1365x2048.jpg 1365w, https:\/\/compagnie.onimagine.fr\/wp-content\/uploads\/2020\/10\/IMG_7566-scaled.jpg 1707w\" sizes=\"auto, (max-width: 200px) 100vw, 200px\" \/><\/a>\n\t\t\t<\/dt><\/dl><dl class='gallery-item'>\n\t\t\t<dt class='gallery-icon portrait'>\n\t\t\t\t<a href='https:\/\/compagnie.onimagine.fr\/?attachment_id=1147'><img loading=\"lazy\" decoding=\"async\" width=\"200\" height=\"300\" src=\"https:\/\/compagnie.onimagine.fr\/wp-content\/uploads\/2020\/10\/IMG_7602-200x300.jpg\" class=\"attachment-medium size-medium\" alt=\"\" srcset=\"https:\/\/compagnie.onimagine.fr\/wp-content\/uploads\/2020\/10\/IMG_7602-200x300.jpg 200w, https:\/\/compagnie.onimagine.fr\/wp-content\/uploads\/2020\/10\/IMG_7602-683x1024.jpg 683w, https:\/\/compagnie.onimagine.fr\/wp-content\/uploads\/2020\/10\/IMG_7602-768x1152.jpg 768w, https:\/\/compagnie.onimagine.fr\/wp-content\/uploads\/2020\/10\/IMG_7602-1024x1536.jpg 1024w, https:\/\/compagnie.onimagine.fr\/wp-content\/uploads\/2020\/10\/IMG_7602-1365x2048.jpg 1365w, https:\/\/compagnie.onimagine.fr\/wp-content\/uploads\/2020\/10\/IMG_7602-scaled.jpg 1707w\" sizes=\"auto, (max-width: 200px) 100vw, 200px\" \/><\/a>\n\t\t\t<\/dt><\/dl><dl class='gallery-item'>\n\t\t\t<dt class='gallery-icon portrait'>\n\t\t\t\t<a href='https:\/\/compagnie.onimagine.fr\/?attachment_id=1146'><img loading=\"lazy\" decoding=\"async\" width=\"200\" height=\"300\" src=\"https:\/\/compagnie.onimagine.fr\/wp-content\/uploads\/2020\/10\/IMG_7604-200x300.jpg\" class=\"attachment-medium size-medium\" alt=\"\" srcset=\"https:\/\/compagnie.onimagine.fr\/wp-content\/uploads\/2020\/10\/IMG_7604-200x300.jpg 200w, https:\/\/compagnie.onimagine.fr\/wp-content\/uploads\/2020\/10\/IMG_7604-683x1024.jpg 683w, https:\/\/compagnie.onimagine.fr\/wp-content\/uploads\/2020\/10\/IMG_7604-768x1152.jpg 768w, https:\/\/compagnie.onimagine.fr\/wp-content\/uploads\/2020\/10\/IMG_7604-1024x1536.jpg 1024w, https:\/\/compagnie.onimagine.fr\/wp-content\/uploads\/2020\/10\/IMG_7604-1365x2048.jpg 1365w, https:\/\/compagnie.onimagine.fr\/wp-content\/uploads\/2020\/10\/IMG_7604-scaled.jpg 1707w\" sizes=\"auto, (max-width: 200px) 100vw, 200px\" \/><\/a>\n\t\t\t<\/dt><\/dl><br style=\"clear: both\" \/><dl class='gallery-item'>\n\t\t\t<dt class='gallery-icon landscape'>\n\t\t\t\t<a href='https:\/\/compagnie.onimagine.fr\/?attachment_id=1144'><img loading=\"lazy\" decoding=\"async\" width=\"300\" height=\"200\" src=\"https:\/\/compagnie.onimagine.fr\/wp-content\/uploads\/2020\/10\/IMG_7639-300x200.jpg\" class=\"attachment-medium size-medium\" alt=\"\" srcset=\"https:\/\/compagnie.onimagine.fr\/wp-content\/uploads\/2020\/10\/IMG_7639-300x200.jpg 300w, https:\/\/compagnie.onimagine.fr\/wp-content\/uploads\/2020\/10\/IMG_7639-1024x683.jpg 1024w, https:\/\/compagnie.onimagine.fr\/wp-content\/uploads\/2020\/10\/IMG_7639-768x512.jpg 768w, https:\/\/compagnie.onimagine.fr\/wp-content\/uploads\/2020\/10\/IMG_7639-1536x1024.jpg 1536w, https:\/\/compagnie.onimagine.fr\/wp-content\/uploads\/2020\/10\/IMG_7639-2048x1365.jpg 2048w\" sizes=\"auto, (max-width: 300px) 100vw, 300px\" \/><\/a>\n\t\t\t<\/dt><\/dl><dl class='gallery-item'>\n\t\t\t<dt class='gallery-icon landscape'>\n\t\t\t\t<a href='https:\/\/compagnie.onimagine.fr\/?attachment_id=1145'><img loading=\"lazy\" decoding=\"async\" width=\"300\" height=\"200\" src=\"https:\/\/compagnie.onimagine.fr\/wp-content\/uploads\/2020\/10\/IMG_7634-300x200.jpg\" class=\"attachment-medium size-medium\" alt=\"\" srcset=\"https:\/\/compagnie.onimagine.fr\/wp-content\/uploads\/2020\/10\/IMG_7634-300x200.jpg 300w, https:\/\/compagnie.onimagine.fr\/wp-content\/uploads\/2020\/10\/IMG_7634-1024x683.jpg 1024w, https:\/\/compagnie.onimagine.fr\/wp-content\/uploads\/2020\/10\/IMG_7634-768x512.jpg 768w, https:\/\/compagnie.onimagine.fr\/wp-content\/uploads\/2020\/10\/IMG_7634-1536x1024.jpg 1536w, https:\/\/compagnie.onimagine.fr\/wp-content\/uploads\/2020\/10\/IMG_7634-2048x1365.jpg 2048w\" sizes=\"auto, (max-width: 300px) 100vw, 300px\" \/><\/a>\n\t\t\t<\/dt><\/dl><dl class='gallery-item'>\n\t\t\t<dt class='gallery-icon landscape'>\n\t\t\t\t<a href='https:\/\/compagnie.onimagine.fr\/?attachment_id=1142'><img loading=\"lazy\" decoding=\"async\" width=\"300\" height=\"200\" src=\"https:\/\/compagnie.onimagine.fr\/wp-content\/uploads\/2020\/10\/IMG_7856-300x200.jpg\" class=\"attachment-medium size-medium\" alt=\"\" srcset=\"https:\/\/compagnie.onimagine.fr\/wp-content\/uploads\/2020\/10\/IMG_7856-300x200.jpg 300w, https:\/\/compagnie.onimagine.fr\/wp-content\/uploads\/2020\/10\/IMG_7856-1024x683.jpg 1024w, https:\/\/compagnie.onimagine.fr\/wp-content\/uploads\/2020\/10\/IMG_7856-768x512.jpg 768w, https:\/\/compagnie.onimagine.fr\/wp-content\/uploads\/2020\/10\/IMG_7856-1536x1024.jpg 1536w, https:\/\/compagnie.onimagine.fr\/wp-content\/uploads\/2020\/10\/IMG_7856-2048x1365.jpg 2048w\" sizes=\"auto, (max-width: 300px) 100vw, 300px\" \/><\/a>\n\t\t\t<\/dt><\/dl><br style=\"clear: both\" \/>\n\t\t<\/div>\n\n\n\n\n<p><img loading=\"lazy\" decoding=\"async\" class=\"aligncenter size-large wp-image-1219\" src=\"https:\/\/compagnie.onimagine.fr\/wp-content\/uploads\/2020\/11\/lapins-1024x724.png\" alt=\"\" width=\"1024\" height=\"724\" srcset=\"https:\/\/compagnie.onimagine.fr\/wp-content\/uploads\/2020\/11\/lapins-1024x724.png 1024w, https:\/\/compagnie.onimagine.fr\/wp-content\/uploads\/2020\/11\/lapins-300x212.png 300w, https:\/\/compagnie.onimagine.fr\/wp-content\/uploads\/2020\/11\/lapins-768x543.png 768w, https:\/\/compagnie.onimagine.fr\/wp-content\/uploads\/2020\/11\/lapins-1536x1086.png 1536w, https:\/\/compagnie.onimagine.fr\/wp-content\/uploads\/2020\/11\/lapins-2048x1448.png 2048w\" sizes=\"auto, (max-width: 1024px) 100vw, 1024px\" \/><\/p>\n<p>La compagnie Onimagine intervient \u00e9galement beaucoup dans les coll\u00e8ges, avec des activit\u00e9s autour du Kamishiba\u00ef, de la confiance en soi, de la prise de parole en public, via le Prix Sainte-Beuve des coll\u00e9giens et des Apprentis. Les spectacles Allons enfants etc&#8230; et Tristan et Yseult sont adapt\u00e9s au public coll\u00e9giens et des ateliers peuvent avoir lieu apr\u00e8s les spectacles.<\/p>\n<p><a href=\"https:\/\/du-bredenarde-audruicq.savoirsnumeriques62.fr\/cdi\/des-histoires-a-conter-retour-sur-une-journee-quot-kamishibai-quot--14974.htm\">Voici le t\u00e9moignage d&rsquo;un coll\u00e8ge<\/a>.<\/p>\n","protected":false},"excerpt":{"rendered":"<p>Pour t\u00e9l\u00e9charger le dossier de nos interventions possibles \u00e0 l\u2019\u00e9cole, c\u2019est ici. Vous pouvez \u00e9galement retrouver sur notre site internet des dossiers d\u00e9taill\u00e9s concernant chaque spectacle et nous sommes \u00e0 votre disposition pour \u00e9laborer ensemble le projet qui vous conviendra le mieux. Pour aborder les valeurs de la R\u00e9publique avec les plus jeunes, la Compagnie&hellip;<\/p>\n","protected":false},"author":1,"featured_media":0,"parent":0,"menu_order":0,"comment_status":"closed","ping_status":"closed","template":"","meta":{"footnotes":""},"class_list":["post-1170","page","type-page","status-publish","hentry"],"_links":{"self":[{"href":"https:\/\/compagnie.onimagine.fr\/index.php?rest_route=\/wp\/v2\/pages\/1170","targetHints":{"allow":["GET"]}}],"collection":[{"href":"https:\/\/compagnie.onimagine.fr\/index.php?rest_route=\/wp\/v2\/pages"}],"about":[{"href":"https:\/\/compagnie.onimagine.fr\/index.php?rest_route=\/wp\/v2\/types\/page"}],"author":[{"embeddable":true,"href":"https:\/\/compagnie.onimagine.fr\/index.php?rest_route=\/wp\/v2\/users\/1"}],"replies":[{"embeddable":true,"href":"https:\/\/compagnie.onimagine.fr\/index.php?rest_route=%2Fwp%2Fv2%2Fcomments&post=1170"}],"version-history":[{"count":8,"href":"https:\/\/compagnie.onimagine.fr\/index.php?rest_route=\/wp\/v2\/pages\/1170\/revisions"}],"predecessor-version":[{"id":1263,"href":"https:\/\/compagnie.onimagine.fr\/index.php?rest_route=\/wp\/v2\/pages\/1170\/revisions\/1263"}],"wp:attachment":[{"href":"https:\/\/compagnie.onimagine.fr\/index.php?rest_route=%2Fwp%2Fv2%2Fmedia&parent=1170"}],"curies":[{"name":"wp","href":"https:\/\/api.w.org\/{rel}","templated":true}]}}