{"id":1196,"date":"2020-11-24T16:38:14","date_gmt":"2020-11-24T14:38:14","guid":{"rendered":"https:\/\/compagnie.onimagine.fr\/?page_id=1196"},"modified":"2020-12-08T17:37:04","modified_gmt":"2020-12-08T15:37:04","slug":"telechargement-numerique","status":"publish","type":"page","link":"https:\/\/compagnie.onimagine.fr\/?page_id=1196","title":{"rendered":"Offre num\u00e9rique"},"content":{"rendered":"\n<h2>\u00a0<\/h2>\n<p>Les spectacles et rencontres \u00e9tant rares durant ce temps de confinement, nous vous proposons ici l&rsquo;achat de fichiers num\u00e9rique \u00e0 diffuser dans vos \u00e9tablissements.\u00a0<\/p>\n<p class=\"p1\"><span class=\"s1\">Dans la maison enchant\u00e9e&#8230;tout est possible&#8230;<\/span><\/p>\n<p class=\"p1\"><span class=\"s1\">On prend plaisir \u00e0 s&rsquo;y retrouver pour partager des histoires, des chansons, de la po\u00e9sie et beaucoup de r\u00eaverie. On prend le temps d&rsquo;\u00e9couter pour se relaxer et glisser doucement vers le sommeil ou alors rire et danser.<\/span><\/p>\n<p class=\"p1\"><span class=\"s1\">La th\u00e9matique de la maison est largement d\u00e9velopp\u00e9e dans les diff\u00e9rentes histoires.<\/span><\/p>\n<p class=\"p1\"><strong><span class=\"s1\"> Nous nous sommes retrouv\u00e9s enferm\u00e9s quelque temps chez nous, dans notre maison, sans nos proches et sans les autres alors Anne Thunin a voulu cr\u00e9er un espace o\u00f9 nous pouvons tous nous retrouver autour d&rsquo;un foyer imaginaire qui nous unit par la pens\u00e9e.<\/span><\/strong><\/p>\n<p class=\"p1\"><span class=\"s1\">L&rsquo;offre est compos\u00e9 d&rsquo;histoires enregistr\u00e9es ou film\u00e9es :<\/span><\/p>\n<h2>Les histoires film\u00e9es :<\/h2>\n<p><img loading=\"lazy\" decoding=\"async\" class=\"aligncenter size-large wp-image-1227\" src=\"https:\/\/compagnie.onimagine.fr\/wp-content\/uploads\/2020\/11\/noel-num-1024x724.png\" alt=\"\" width=\"1024\" height=\"724\" srcset=\"https:\/\/compagnie.onimagine.fr\/wp-content\/uploads\/2020\/11\/noel-num-1024x724.png 1024w, https:\/\/compagnie.onimagine.fr\/wp-content\/uploads\/2020\/11\/noel-num-300x212.png 300w, https:\/\/compagnie.onimagine.fr\/wp-content\/uploads\/2020\/11\/noel-num-768x543.png 768w, https:\/\/compagnie.onimagine.fr\/wp-content\/uploads\/2020\/11\/noel-num-1536x1086.png 1536w, https:\/\/compagnie.onimagine.fr\/wp-content\/uploads\/2020\/11\/noel-num-2048x1448.png 2048w\" sizes=\"auto, (max-width: 1024px) 100vw, 1024px\" \/><\/p>\n<p>Un extrait du film sera bient\u00f4t mis en ligne pour vous mettre l&rsquo;eau \u00e0 la bouche &#8230;\u00a0<\/p>\n<p><a href=\"mailto:contact@onimagine.fr\">Vous pouvez cliquer ici pour une demande de devis.<\/a><\/p>\n<p><em><strong>Inclus dans cette offre<\/strong><\/em> : Le film des 10 petits lapins, Kamishiba\u00ef film\u00e9<\/p>\n<p><img loading=\"lazy\" decoding=\"async\" class=\"aligncenter size-large wp-image-1219\" src=\"https:\/\/compagnie.onimagine.fr\/wp-content\/uploads\/2020\/11\/lapins-1024x724.png\" alt=\"\" width=\"1024\" height=\"724\" srcset=\"https:\/\/compagnie.onimagine.fr\/wp-content\/uploads\/2020\/11\/lapins-1024x724.png 1024w, https:\/\/compagnie.onimagine.fr\/wp-content\/uploads\/2020\/11\/lapins-300x212.png 300w, https:\/\/compagnie.onimagine.fr\/wp-content\/uploads\/2020\/11\/lapins-768x543.png 768w, https:\/\/compagnie.onimagine.fr\/wp-content\/uploads\/2020\/11\/lapins-1536x1086.png 1536w, https:\/\/compagnie.onimagine.fr\/wp-content\/uploads\/2020\/11\/lapins-2048x1448.png 2048w\" sizes=\"auto, (max-width: 1024px) 100vw, 1024px\" \/><\/p>\n<p>Nous pouvons \u00e9galement vous proposer des interventions en visioconf\u00e9rence avec Anne Thunin, com\u00e9dienne et metteur en sc\u00e8ne.\u00a0<\/p>\n<p><iframe loading=\"lazy\" title=\"Extrait - Les 10 petits lapins - Compagnie Onimagine\" width=\"1170\" height=\"658\" src=\"https:\/\/www.youtube.com\/embed\/MfokqF3Hskw?feature=oembed\" frameborder=\"0\" allow=\"accelerometer; autoplay; clipboard-write; encrypted-media; gyroscope; picture-in-picture\" allowfullscreen><\/iframe><\/p>\n<h2>Les histoires enregistr\u00e9es :\u00a0<\/h2>\n<p>Nous avons \u00e9galement des fichiers audio que nous pouvons vous fournir.<\/p>\n<p>Inclus dans cette offre :\u00a0<\/p>\n<ul>\n<li>Les Histoires de ma maison enchant\u00e9e\u00a0<\/li>\n<li>Dormir dans ma maison enchant\u00e9e<\/li>\n<li>Hansel et Gretel<\/li>\n<li>L\u00e9on et L\u00e9once<\/li>\n<li>Pingouin Pingre<\/li>\n<\/ul>\n<p>Dur\u00e9e totale : 85 minutes.<\/p>\n<p><a href=\"mailto:contact@onimagine.fr\">Cliquez-ici<\/a> pour nous contacter pour une demande de devis\u00a0 !\u00a0<\/p>\n<p>Quelques extraits :<\/p>\n<p><iframe loading=\"lazy\" title=\"Extrait  - Les histoires de ma maison enchante\u0301e\" width=\"1170\" height=\"658\" src=\"https:\/\/www.youtube.com\/embed\/M4g9aROopLY?feature=oembed\" frameborder=\"0\" allow=\"accelerometer; autoplay; clipboard-write; encrypted-media; gyroscope; picture-in-picture\" allowfullscreen><\/iframe><\/p>\n<p><iframe loading=\"lazy\" title=\"extrait - Hansel et Gretel - Compagnie Onimagine\" width=\"1170\" height=\"658\" src=\"https:\/\/www.youtube.com\/embed\/K2bAIxslFz8?feature=oembed\" frameborder=\"0\" allow=\"accelerometer; autoplay; clipboard-write; encrypted-media; gyroscope; picture-in-picture\" allowfullscreen><\/iframe><\/p>\n<p><iframe loading=\"lazy\" title=\"Extrait - Dormir dans ma maison enchant\u00e9e - Compagnie Onimagine\" width=\"1170\" height=\"658\" src=\"https:\/\/www.youtube.com\/embed\/rG0dn2HvYA0?feature=oembed\" frameborder=\"0\" allow=\"accelerometer; autoplay; clipboard-write; encrypted-media; gyroscope; picture-in-picture\" allowfullscreen><\/iframe><\/p>\n<p>\u00a0<\/p>\n","protected":false},"excerpt":{"rendered":"<p>\u00a0 Les spectacles et rencontres \u00e9tant rares durant ce temps de confinement, nous vous proposons ici l&rsquo;achat de fichiers num\u00e9rique \u00e0 diffuser dans vos \u00e9tablissements.\u00a0 Dans la maison enchant\u00e9e&#8230;tout est possible&#8230; On prend plaisir \u00e0 s&rsquo;y retrouver pour partager des histoires, des chansons, de la po\u00e9sie et beaucoup de r\u00eaverie. On prend le temps d&rsquo;\u00e9couter&hellip;<\/p>\n","protected":false},"author":1,"featured_media":0,"parent":0,"menu_order":0,"comment_status":"closed","ping_status":"closed","template":"","meta":{"footnotes":""},"class_list":["post-1196","page","type-page","status-publish","hentry"],"_links":{"self":[{"href":"https:\/\/compagnie.onimagine.fr\/index.php?rest_route=\/wp\/v2\/pages\/1196","targetHints":{"allow":["GET"]}}],"collection":[{"href":"https:\/\/compagnie.onimagine.fr\/index.php?rest_route=\/wp\/v2\/pages"}],"about":[{"href":"https:\/\/compagnie.onimagine.fr\/index.php?rest_route=\/wp\/v2\/types\/page"}],"author":[{"embeddable":true,"href":"https:\/\/compagnie.onimagine.fr\/index.php?rest_route=\/wp\/v2\/users\/1"}],"replies":[{"embeddable":true,"href":"https:\/\/compagnie.onimagine.fr\/index.php?rest_route=%2Fwp%2Fv2%2Fcomments&post=1196"}],"version-history":[{"count":33,"href":"https:\/\/compagnie.onimagine.fr\/index.php?rest_route=\/wp\/v2\/pages\/1196\/revisions"}],"predecessor-version":[{"id":1248,"href":"https:\/\/compagnie.onimagine.fr\/index.php?rest_route=\/wp\/v2\/pages\/1196\/revisions\/1248"}],"wp:attachment":[{"href":"https:\/\/compagnie.onimagine.fr\/index.php?rest_route=%2Fwp%2Fv2%2Fmedia&parent=1196"}],"curies":[{"name":"wp","href":"https:\/\/api.w.org\/{rel}","templated":true}]}}