{"id":1455,"date":"2022-02-23T19:32:33","date_gmt":"2022-02-23T17:32:33","guid":{"rendered":"https:\/\/compagnie.onimagine.fr\/?page_id=1455"},"modified":"2025-03-26T15:21:31","modified_gmt":"2025-03-26T13:21:31","slug":"une-journee-au-jardin","status":"publish","type":"page","link":"https:\/\/compagnie.onimagine.fr\/?page_id=1455","title":{"rendered":"Une journ\u00e9e au jardin"},"content":{"rendered":"\n<p><a href=\"https:\/\/compagnie.onimagine.fr\/wp-content\/uploads\/2022\/02\/journee-jardin-jpg-scaled.jpg\"><img loading=\"lazy\" decoding=\"async\" class=\"wp-image-1456 aligncenter\" src=\"https:\/\/compagnie.onimagine.fr\/wp-content\/uploads\/2022\/02\/journee-jardin-jpg-scaled.jpg\" alt=\"\" width=\"470\" height=\"665\" srcset=\"https:\/\/compagnie.onimagine.fr\/wp-content\/uploads\/2022\/02\/journee-jardin-jpg-scaled.jpg 1810w, https:\/\/compagnie.onimagine.fr\/wp-content\/uploads\/2022\/02\/journee-jardin-jpg-212x300.jpg 212w, https:\/\/compagnie.onimagine.fr\/wp-content\/uploads\/2022\/02\/journee-jardin-jpg-724x1024.jpg 724w, https:\/\/compagnie.onimagine.fr\/wp-content\/uploads\/2022\/02\/journee-jardin-jpg-768x1086.jpg 768w, https:\/\/compagnie.onimagine.fr\/wp-content\/uploads\/2022\/02\/journee-jardin-jpg-1086x1536.jpg 1086w, https:\/\/compagnie.onimagine.fr\/wp-content\/uploads\/2022\/02\/journee-jardin-jpg-1448x2048.jpg 1448w\" sizes=\"auto, (max-width: 470px) 100vw, 470px\" \/><\/a> <a href=\"https:\/\/compagnie.onimagine.fr\/wp-content\/uploads\/2022\/02\/journee-jardin-jpg2-scaled.jpg\"><img loading=\"lazy\" decoding=\"async\" class=\"alignnone size-full wp-image-1457\" src=\"https:\/\/compagnie.onimagine.fr\/wp-content\/uploads\/2022\/02\/journee-jardin-jpg2-scaled.jpg\" alt=\"\" width=\"2560\" height=\"1810\" srcset=\"https:\/\/compagnie.onimagine.fr\/wp-content\/uploads\/2022\/02\/journee-jardin-jpg2-scaled.jpg 2560w, https:\/\/compagnie.onimagine.fr\/wp-content\/uploads\/2022\/02\/journee-jardin-jpg2-300x212.jpg 300w, https:\/\/compagnie.onimagine.fr\/wp-content\/uploads\/2022\/02\/journee-jardin-jpg2-1024x724.jpg 1024w, https:\/\/compagnie.onimagine.fr\/wp-content\/uploads\/2022\/02\/journee-jardin-jpg2-768x543.jpg 768w, https:\/\/compagnie.onimagine.fr\/wp-content\/uploads\/2022\/02\/journee-jardin-jpg2-1536x1086.jpg 1536w, https:\/\/compagnie.onimagine.fr\/wp-content\/uploads\/2022\/02\/journee-jardin-jpg2-2048x1448.jpg 2048w\" sizes=\"auto, (max-width: 2560px) 100vw, 2560px\" \/><\/a> <a href=\"https:\/\/compagnie.onimagine.fr\/wp-content\/uploads\/2022\/02\/journee-jardin-jpg3-scaled.jpg\"><img loading=\"lazy\" decoding=\"async\" class=\"alignnone size-full wp-image-1458\" src=\"https:\/\/compagnie.onimagine.fr\/wp-content\/uploads\/2022\/02\/journee-jardin-jpg3-scaled.jpg\" alt=\"\" width=\"2560\" height=\"1810\" srcset=\"https:\/\/compagnie.onimagine.fr\/wp-content\/uploads\/2022\/02\/journee-jardin-jpg3-scaled.jpg 2560w, https:\/\/compagnie.onimagine.fr\/wp-content\/uploads\/2022\/02\/journee-jardin-jpg3-300x212.jpg 300w, https:\/\/compagnie.onimagine.fr\/wp-content\/uploads\/2022\/02\/journee-jardin-jpg3-1024x724.jpg 1024w, https:\/\/compagnie.onimagine.fr\/wp-content\/uploads\/2022\/02\/journee-jardin-jpg3-768x543.jpg 768w, https:\/\/compagnie.onimagine.fr\/wp-content\/uploads\/2022\/02\/journee-jardin-jpg3-1536x1086.jpg 1536w, https:\/\/compagnie.onimagine.fr\/wp-content\/uploads\/2022\/02\/journee-jardin-jpg3-2048x1448.jpg 2048w\" sizes=\"auto, (max-width: 2560px) 100vw, 2560px\" \/><\/a><\/p>\n\n\n\n<h3 style=\"text-align: center;\"><a href=\"https:\/\/1drv.ms\/b\/c\/0ec9600422ab0e67\/EWcOqyIEYMkggA7eKAEAAAAB09ogM1YkmRsKJA3CxDgQHQ?e=ZFluE5\">Dossier \u00e0 t\u00e9l\u00e9charger<\/a><\/h3>\n","protected":false},"excerpt":{"rendered":"<p>Dossier \u00e0 t\u00e9l\u00e9charger<\/p>\n","protected":false},"author":1,"featured_media":0,"parent":0,"menu_order":0,"comment_status":"closed","ping_status":"closed","template":"","meta":{"footnotes":""},"class_list":["post-1455","page","type-page","status-publish","hentry"],"_links":{"self":[{"href":"https:\/\/compagnie.onimagine.fr\/index.php?rest_route=\/wp\/v2\/pages\/1455","targetHints":{"allow":["GET"]}}],"collection":[{"href":"https:\/\/compagnie.onimagine.fr\/index.php?rest_route=\/wp\/v2\/pages"}],"about":[{"href":"https:\/\/compagnie.onimagine.fr\/index.php?rest_route=\/wp\/v2\/types\/page"}],"author":[{"embeddable":true,"href":"https:\/\/compagnie.onimagine.fr\/index.php?rest_route=\/wp\/v2\/users\/1"}],"replies":[{"embeddable":true,"href":"https:\/\/compagnie.onimagine.fr\/index.php?rest_route=%2Fwp%2Fv2%2Fcomments&post=1455"}],"version-history":[{"count":3,"href":"https:\/\/compagnie.onimagine.fr\/index.php?rest_route=\/wp\/v2\/pages\/1455\/revisions"}],"predecessor-version":[{"id":1634,"href":"https:\/\/compagnie.onimagine.fr\/index.php?rest_route=\/wp\/v2\/pages\/1455\/revisions\/1634"}],"wp:attachment":[{"href":"https:\/\/compagnie.onimagine.fr\/index.php?rest_route=%2Fwp%2Fv2%2Fmedia&parent=1455"}],"curies":[{"name":"wp","href":"https:\/\/api.w.org\/{rel}","templated":true}]}}