{"id":1479,"date":"2022-03-20T15:21:45","date_gmt":"2022-03-20T13:21:45","guid":{"rendered":"https:\/\/compagnie.onimagine.fr\/?page_id=1479"},"modified":"2022-03-20T15:27:31","modified_gmt":"2022-03-20T13:27:31","slug":"clea","status":"publish","type":"page","link":"https:\/\/compagnie.onimagine.fr\/?page_id=1479","title":{"rendered":"CLEA"},"content":{"rendered":"\n<h2>Du 15 f\u00e9vrier au 31 mai 2022, la compagnie Onimagine est en CLEA \u00e0 Cambrai.<\/h2>\n<blockquote>\n<p style=\"text-align: center;\">Ateliers, repr\u00e9sentations, th\u00e9\u00e2tre, arts plastiques, musique.<\/p>\n<\/blockquote>\n<p><a href=\"https:\/\/compagnie.onimagine.fr\/wp-content\/uploads\/2022\/03\/fiche-peda-onimagine-001.jpg\"><img loading=\"lazy\" decoding=\"async\" class=\"aligncenter wp-image-1482\" src=\"https:\/\/compagnie.onimagine.fr\/wp-content\/uploads\/2022\/03\/fiche-peda-onimagine-001.jpg\" alt=\"\" width=\"543\" height=\"768\" srcset=\"https:\/\/compagnie.onimagine.fr\/wp-content\/uploads\/2022\/03\/fiche-peda-onimagine-001.jpg 1191w, https:\/\/compagnie.onimagine.fr\/wp-content\/uploads\/2022\/03\/fiche-peda-onimagine-001-212x300.jpg 212w, https:\/\/compagnie.onimagine.fr\/wp-content\/uploads\/2022\/03\/fiche-peda-onimagine-001-724x1024.jpg 724w, https:\/\/compagnie.onimagine.fr\/wp-content\/uploads\/2022\/03\/fiche-peda-onimagine-001-768x1086.jpg 768w, https:\/\/compagnie.onimagine.fr\/wp-content\/uploads\/2022\/03\/fiche-peda-onimagine-001-1086x1536.jpg 1086w\" sizes=\"auto, (max-width: 543px) 100vw, 543px\" \/><\/a><\/p>\n<p>\u00a0<\/p>\n\n\n\n<div class=\"wp-block-image\"><figure class=\"aligncenter size-large is-resized\"><a href=\"https:\/\/compagnie.onimagine.fr\/wp-content\/uploads\/2022\/03\/fiche-peda-onimagine-002.jpg\"><img loading=\"lazy\" decoding=\"async\" src=\"https:\/\/compagnie.onimagine.fr\/wp-content\/uploads\/2022\/03\/fiche-peda-onimagine-002-724x1024.jpg\" alt=\"\" class=\"wp-image-1483\" width=\"543\" height=\"768\" srcset=\"https:\/\/compagnie.onimagine.fr\/wp-content\/uploads\/2022\/03\/fiche-peda-onimagine-002-724x1024.jpg 724w, https:\/\/compagnie.onimagine.fr\/wp-content\/uploads\/2022\/03\/fiche-peda-onimagine-002-212x300.jpg 212w, https:\/\/compagnie.onimagine.fr\/wp-content\/uploads\/2022\/03\/fiche-peda-onimagine-002-768x1086.jpg 768w, https:\/\/compagnie.onimagine.fr\/wp-content\/uploads\/2022\/03\/fiche-peda-onimagine-002-1086x1536.jpg 1086w, https:\/\/compagnie.onimagine.fr\/wp-content\/uploads\/2022\/03\/fiche-peda-onimagine-002.jpg 1191w\" sizes=\"auto, (max-width: 543px) 100vw, 543px\" \/><\/a><\/figure><\/div>\n","protected":false},"excerpt":{"rendered":"<p>Du 15 f\u00e9vrier au 31 mai 2022, la compagnie Onimagine est en CLEA \u00e0 Cambrai. Ateliers, repr\u00e9sentations, th\u00e9\u00e2tre, arts plastiques, musique. \u00a0<\/p>\n","protected":false},"author":1,"featured_media":0,"parent":0,"menu_order":0,"comment_status":"closed","ping_status":"closed","template":"","meta":{"footnotes":""},"class_list":["post-1479","page","type-page","status-publish","hentry"],"_links":{"self":[{"href":"https:\/\/compagnie.onimagine.fr\/index.php?rest_route=\/wp\/v2\/pages\/1479","targetHints":{"allow":["GET"]}}],"collection":[{"href":"https:\/\/compagnie.onimagine.fr\/index.php?rest_route=\/wp\/v2\/pages"}],"about":[{"href":"https:\/\/compagnie.onimagine.fr\/index.php?rest_route=\/wp\/v2\/types\/page"}],"author":[{"embeddable":true,"href":"https:\/\/compagnie.onimagine.fr\/index.php?rest_route=\/wp\/v2\/users\/1"}],"replies":[{"embeddable":true,"href":"https:\/\/compagnie.onimagine.fr\/index.php?rest_route=%2Fwp%2Fv2%2Fcomments&post=1479"}],"version-history":[{"count":4,"href":"https:\/\/compagnie.onimagine.fr\/index.php?rest_route=\/wp\/v2\/pages\/1479\/revisions"}],"predecessor-version":[{"id":1486,"href":"https:\/\/compagnie.onimagine.fr\/index.php?rest_route=\/wp\/v2\/pages\/1479\/revisions\/1486"}],"wp:attachment":[{"href":"https:\/\/compagnie.onimagine.fr\/index.php?rest_route=%2Fwp%2Fv2%2Fmedia&parent=1479"}],"curies":[{"name":"wp","href":"https:\/\/api.w.org\/{rel}","templated":true}]}}