{"id":39,"date":"2016-01-01T16:00:24","date_gmt":"2016-01-01T16:00:24","guid":{"rendered":"http:\/\/compagnie.onimagine.fr\/?page_id=39"},"modified":"2023-11-30T11:08:25","modified_gmt":"2023-11-30T09:08:25","slug":"coordonnees","status":"publish","type":"page","link":"https:\/\/compagnie.onimagine.fr\/?page_id=39","title":{"rendered":"Contact"},"content":{"rendered":"\n<p class=\"has-text-align-center\"><a href=\"https:\/\/doodle.com\/mm\/compagnieonimagine\/rendez-vous\">V\u00e9rifier la disponibilit\u00e9 d&rsquo;un cr\u00e9neau : pose d&rsquo;options<\/a><\/p>\n\n\n\n<p>COMPAGNIE ONIMAGINE<\/p>\n\n\n\n<p>Le si\u00e8ge : 3 rue L\u00e9on Fayolle &#8211; 62930 WIMEREUX<\/p>\n\n\n\n<p>L&rsquo;adresse administrative et de correspondance : 8, rue Jules Renard &#8211; 62200 Boulogne-sur-Mer<\/p>\n\n\n\n<p>Le mail : contact@onimagine.fr \/ t\u00e9l\u00e9phone : 06 23 30 23 34<\/p>\n\n\n\n<p>Anne Thunin, directrice artistique : (sur rendez-vous)<\/p>\n\n\n\n<p>Pour toute demande de devis, merci de remplir&nbsp;<a href=\"https:\/\/docs.google.com\/forms\/d\/e\/1FAIpQLSdOZg-Vn3pW6iJ1gTLbLxZ5H9hbo61cjSjxpoyizYrdM3MXKQ\/viewform?usp=sf_link\" data-type=\"URL\" data-id=\"https:\/\/docs.google.com\/forms\/d\/e\/1FAIpQLSdOZg-Vn3pW6iJ1gTLbLxZ5H9hbo61cjSjxpoyizYrdM3MXKQ\/viewform?usp=sf_link\" target=\"_blank\" rel=\"noreferrer noopener\"> le formulaire en lien<\/a><\/p>\n\n\n\n<p><\/p>\n\n\n\n<p><a href=\"https:\/\/3cf38d30.sibforms.com\/serve\/MUIEAF421h2JGT6MdPTuxZxEqgmrOoNLgLhQzMd2MrvZgMYyp5xXOGJmw3IpHU0uJ0FDaXs4I6ZJhtCaSsBmxfKBanFdkkoKK_KEw6SvYavTgQ8W22ThuGDccCgG6d5vX_DKkcVl3LbSad4oJc1r3wT_Zhcz7TEAsgP1hYn4HxfxKG5Zg8MQWPIA1TEmwHiwrR24_XQsd1U4Pnh8\">Professionnels, n&rsquo;h\u00e9sitez pas \u00e0 vous inscrire pour recevoir quelques informations et invitations r\u00e9guli\u00e8rement (mais pas trop)<\/a><br><\/p>\n","protected":false},"excerpt":{"rendered":"<p>V\u00e9rifier la disponibilit\u00e9 d&rsquo;un cr\u00e9neau : pose d&rsquo;options COMPAGNIE ONIMAGINE Le si\u00e8ge : 3 rue L\u00e9on Fayolle &#8211; 62930 WIMEREUX L&rsquo;adresse administrative et de correspondance : 8, rue Jules Renard &#8211; 62200 Boulogne-sur-Mer Le mail : contact@onimagine.fr \/ t\u00e9l\u00e9phone : 06 23 30 23 34 Anne Thunin, directrice artistique : (sur rendez-vous) Pour toute demande&hellip;<\/p>\n","protected":false},"author":1,"featured_media":0,"parent":0,"menu_order":0,"comment_status":"open","ping_status":"open","template":"","meta":{"footnotes":""},"class_list":["post-39","page","type-page","status-publish","hentry"],"_links":{"self":[{"href":"https:\/\/compagnie.onimagine.fr\/index.php?rest_route=\/wp\/v2\/pages\/39","targetHints":{"allow":["GET"]}}],"collection":[{"href":"https:\/\/compagnie.onimagine.fr\/index.php?rest_route=\/wp\/v2\/pages"}],"about":[{"href":"https:\/\/compagnie.onimagine.fr\/index.php?rest_route=\/wp\/v2\/types\/page"}],"author":[{"embeddable":true,"href":"https:\/\/compagnie.onimagine.fr\/index.php?rest_route=\/wp\/v2\/users\/1"}],"replies":[{"embeddable":true,"href":"https:\/\/compagnie.onimagine.fr\/index.php?rest_route=%2Fwp%2Fv2%2Fcomments&post=39"}],"version-history":[{"count":46,"href":"https:\/\/compagnie.onimagine.fr\/index.php?rest_route=\/wp\/v2\/pages\/39\/revisions"}],"predecessor-version":[{"id":1608,"href":"https:\/\/compagnie.onimagine.fr\/index.php?rest_route=\/wp\/v2\/pages\/39\/revisions\/1608"}],"wp:attachment":[{"href":"https:\/\/compagnie.onimagine.fr\/index.php?rest_route=%2Fwp%2Fv2%2Fmedia&parent=39"}],"curies":[{"name":"wp","href":"https:\/\/api.w.org\/{rel}","templated":true}]}}