{"id":738,"date":"2020-06-23T22:35:06","date_gmt":"2020-06-23T20:35:06","guid":{"rendered":"https:\/\/compagnie.onimagine.fr\/?page_id=738"},"modified":"2020-06-25T13:26:13","modified_gmt":"2020-06-25T11:26:13","slug":"lequipe","status":"publish","type":"page","link":"https:\/\/compagnie.onimagine.fr\/?page_id=738","title":{"rendered":"L&rsquo;\u00e9quipe"},"content":{"rendered":"\n<p>\u00a0<\/p>\n<p><a href=\"https:\/\/compagnie.onimagine.fr\/wp-content\/uploads\/2020\/06\/Equipe-Anne-.jpg\"><img loading=\"lazy\" decoding=\"async\" class=\"alignleft wp-image-877 size-medium\" src=\"https:\/\/compagnie.onimagine.fr\/wp-content\/uploads\/2020\/06\/Equipe-Anne--300x244.jpg\" alt=\"\" width=\"300\" height=\"244\" srcset=\"https:\/\/compagnie.onimagine.fr\/wp-content\/uploads\/2020\/06\/Equipe-Anne--300x244.jpg 300w, https:\/\/compagnie.onimagine.fr\/wp-content\/uploads\/2020\/06\/Equipe-Anne--660x537.jpg 660w, https:\/\/compagnie.onimagine.fr\/wp-content\/uploads\/2020\/06\/Equipe-Anne-.jpg 747w\" sizes=\"auto, (max-width: 300px) 100vw, 300px\" \/><\/a><\/p>\n<p class=\"p1\">Apr\u00e8s 2 ans de formation au conservatoire du 10\u00b0 arrondissement de la ville de Paris avec Jean-Louis Bihoreau, elle int\u00e9gre l\u2019<b>ESAD<\/b> (Ecole sup\u00e9rieure d\u2019art dramatique de la ville de Paris) sous la direction de J.-C. Cotillard. Elle ma\u00eetrise le masque, la manipulation de marionnette, le conte, et aime l\u2019interpr\u00e9tation et la transformation en plusieurs personnages (scrooge, mais je suis un ours, on imagine).<\/p>\n<p class=\"p1\">Depuis 2014, Elle est directrice artistique de la Compagnie Onimagine. Elle \u00e9crit, met en sc\u00e8ne et\/ou interpr\u00e8te les spectacles de la Compagnie. On peut citer \u201cOn Imagine\u201d ou \u201cKami s\u2019ennuie\u201d, soutenu par le conseil d\u00e9partemental du Pas-de-Calais ou encore l\u2019adaptation du roman de \u201dTristan et Yseult\u201d en octosyllabe.<\/p>\n<p class=\"p1\">Au th\u00e9\u00e2tre elle travaille en r\u00e9gion parisienne avec la compagnie Star Th\u00e9\u00e2tre \/ Compagnie Isabelle Starkier (shakespeare \u201cLe marchand de Venise\u201d, brecht, ou encore l\u2019adaptation du conte de No\u00ebl de CharlesDickens : \u201cScrooge\u201d ), elle a \u00e9t\u00e9 artiste associ\u00e9e au th\u00e9\u00e2tre de Chevilly-Larue (94), en r\u00e9gion Bretagne avec la compagnie du th\u00e9\u00e2tre de l\u2019\u00e9change, elle interpr\u00e8te, Marivaux \u201cLe jeu de l\u2019amour et du hasard\u201d , Ionesco \u201cLe roi se meurt\u201d). Elle a \u00e9galement jou\u00e9 avec Guy-Pierre Couleau au CDR de Colmar.<\/p>\n<p class=\"p1\">Dans le boulonnais elle est en r\u00e9sidence artistique dans la ville du Portel, et anime des ateliers et des stages, notamment au centre culturel Georges Brassens de Saint-Martin-Boulogne.<\/p>\n<hr \/>\n<p><a href=\"https:\/\/compagnie.onimagine.fr\/wp-content\/uploads\/2020\/06\/Equipe-Lucy.jpg\"><img loading=\"lazy\" decoding=\"async\" class=\"alignleft size-medium wp-image-879\" src=\"https:\/\/compagnie.onimagine.fr\/wp-content\/uploads\/2020\/06\/Equipe-Lucy-300x273.jpg\" alt=\"\" width=\"300\" height=\"273\" srcset=\"https:\/\/compagnie.onimagine.fr\/wp-content\/uploads\/2020\/06\/Equipe-Lucy-300x273.jpg 300w, https:\/\/compagnie.onimagine.fr\/wp-content\/uploads\/2020\/06\/Equipe-Lucy-660x600.jpg 660w, https:\/\/compagnie.onimagine.fr\/wp-content\/uploads\/2020\/06\/Equipe-Lucy.jpg 673w\" sizes=\"auto, (max-width: 300px) 100vw, 300px\" \/><\/a><\/p>\n<p class=\"p1\">Lucy Samso\u00ebn d\u00e9bute \u00e0 7 ans \u00e0 l\u2019\u00e9cole du Th\u00e9\u00e2tre de la Lucarne avant de jouer Lorca, Claudel, Tchekhov, Giraudoux, Pirandello, Brecht, Goldoni, Rojas et Moli\u00e8re au Festival Th\u00e9\u00e2tral de Coye-la-For\u00eat. Parall\u00e8lement \u00e0 sa licence en Arts du Spectacle, elle entre au Conservatoire du 7\u00e8me arr. de Paris, joue des contemporains au Th\u00e9\u00e2tre Marigny et obtient un Prix d\u2019excellence.<\/p>\n<p class=\"p1\">Elle continue sa formation \u00e0 l\u2019<b>ESAD<\/b> de Paris sous la direction de J-C. Cotillard. Pour les enfants, elle joue les spectacles interactifs du Th\u00e9\u00e2tre des Beaux-songes, s\u2019att\u00e8le au conte et au Don Quichotte moderne de M. Suffran au Th\u00e9\u00e2tre 13. Entr\u00e9e en 2006 chez Com\u00e9diens &amp; Compagnie avec La Princesse dans \u201cLa Princesse d\u2019\u00c9lide\u201d de Moli\u00e8re, elle participe aux commedia dell\u2019arte de la troupe (Mozart, Shakespeare, Beaumarchais, Hom\u00e8re,&#8230;) en tant que com\u00e9dienne, marionnettiste, danseuse, chanteuse et musicienne.<\/p>\n<p class=\"p1\">Au cin\u00e9ma, elle tourne pour Ch. Vincent dans \u201cLes Enfants\u201d, J. Balasko dans \u201cL\u2019Ex-femme de ma vie\u201d et \u201cDemi-soeur\u201d. Talent Cannes 2005 (ADAMI), elle tourne dans \u201cT\u00eates de Gondole\u201d, film choral de T. Binisti, P. Lioret, L. Tirard, B. Cohen, T. Boscheron et D. Flament qu\u2019elle a pr\u00e9sent\u00e9 au Festival de Cannes. A la t\u00e9l\u00e9vision, elle tourne pour France 2 : Central Nuit, et Trafics\u2026 Membre du collectif Woow Your Life, elle tourne, \u00e9crit et dirige d\u2019autres acteurs pour des projets tr\u00e8s vari\u00e9s allant de la fiction (France TV, web), \u00e0 la publicit\u00e9 (Publicis Conseil, Havas) en passant par le clip musical (Universal Music) et autres&#8230;<\/p>\n<hr \/>\n<p><a href=\"https:\/\/compagnie.onimagine.fr\/wp-content\/uploads\/2020\/06\/Equipe-Cecile.jpg\"><img loading=\"lazy\" decoding=\"async\" class=\"alignleft size-medium wp-image-880\" src=\"https:\/\/compagnie.onimagine.fr\/wp-content\/uploads\/2020\/06\/Equipe-Cecile-300x255.jpg\" alt=\"\" width=\"300\" height=\"255\" srcset=\"https:\/\/compagnie.onimagine.fr\/wp-content\/uploads\/2020\/06\/Equipe-Cecile-300x255.jpg 300w, https:\/\/compagnie.onimagine.fr\/wp-content\/uploads\/2020\/06\/Equipe-Cecile-660x562.jpg 660w, https:\/\/compagnie.onimagine.fr\/wp-content\/uploads\/2020\/06\/Equipe-Cecile.jpg 684w\" sizes=\"auto, (max-width: 300px) 100vw, 300px\" \/><\/a><\/p>\n<p class=\"p1\">C\u00e9cile Laplaige est illustratrice, principalement pour des projets jeunesse. Form\u00e9e au stylisme-mod\u00e9lisme \u00e0 l\u2019\u00e9cole de la Chambre syndicale de la couture parisienne, elle s\u2019est par la suite sp\u00e9cialis\u00e9e aupr\u00e8s des CMA avec les formations illustration-narration enseign\u00e9es par Jeanne Puchol, Emanuelle Robin et Mich\u00e8le Salmon.<\/p>\n<p class=\"p1\">Elle a illustr\u00e9 pour les \u00e9ditions du Sagittaire<span class=\"Apple-converted-space\">\u00a0 <\/span>Onuphrius (2016) et Judex (2017) ainsi que \u201d Tristan &amp; Yseult \u201c(2019) tir\u00e9e de la pi\u00e8ce de th\u00e9\u00e2tre d\u2019Anne Thunin.<\/p>\n<p class=\"p1\">C\u2019est Anne qui a ensuite propos\u00e9 \u00e0 C\u00e9cile de cr\u00e9er toutes les illustrations sous forme de Kamishiba\u00ef g\u00e9ant de la pi\u00e8ce pour enfant \u201cKami s\u2019ennuie\u201d. Exp\u00e9rience r\u00e9it\u00e9r\u00e9e sous un format plus intimiste pour l\u2019histoire de \u201dL\u00e9on et L\u00e9once\u201d.<\/p>\n<p>\u00a0<\/p>\n<hr \/>\n<p><a href=\"https:\/\/compagnie.onimagine.fr\/wp-content\/uploads\/2020\/06\/Equipe-David.jpg\"><img loading=\"lazy\" decoding=\"async\" class=\"alignleft size-medium wp-image-881\" src=\"https:\/\/compagnie.onimagine.fr\/wp-content\/uploads\/2020\/06\/Equipe-David-300x233.jpg\" alt=\"\" width=\"300\" height=\"233\" srcset=\"https:\/\/compagnie.onimagine.fr\/wp-content\/uploads\/2020\/06\/Equipe-David-300x233.jpg 300w, https:\/\/compagnie.onimagine.fr\/wp-content\/uploads\/2020\/06\/Equipe-David-660x512.jpg 660w, https:\/\/compagnie.onimagine.fr\/wp-content\/uploads\/2020\/06\/Equipe-David.jpg 702w\" sizes=\"auto, (max-width: 300px) 100vw, 300px\" \/><\/a><\/p>\n<p class=\"p1\">Par sa formation \u00e0 l\u2019ENSATT, David Le Roch a pu aborder tous les aspects du th\u00e9\u00e2tre et s\u2019est confront\u00e9 entre autre aux exigences des classiques, Moli\u00e8re, Marivaux, Shakespeare, Hugo.<\/p>\n<p class=\"p1\">Pi\u00e8ces qu\u2019il a jou\u00e9es dans un second temps avec diff\u00e9rents metteurs en sc\u00e8ne et th\u00e9\u00e2tres en France et en Europe.<\/p>\n<p class=\"p1\">Il a lui-m\u00eame mis en sc\u00e8ne Tchekhov, Steeve Gosch et derni\u00e8rement Jean Rigaud dans Jeu de Piste cr\u00e9ation pr\u00e9sent\u00e9e au festival d\u2019Avignon 2016.<\/p>\n","protected":false},"excerpt":{"rendered":"<p>\u00a0 Apr\u00e8s 2 ans de formation au conservatoire du 10\u00b0 arrondissement de la ville de Paris avec Jean-Louis Bihoreau, elle int\u00e9gre l\u2019ESAD (Ecole sup\u00e9rieure d\u2019art dramatique de la ville de Paris) sous la direction de J.-C. Cotillard. Elle ma\u00eetrise le masque, la manipulation de marionnette, le conte, et aime l\u2019interpr\u00e9tation et la transformation en plusieurs&hellip;<\/p>\n","protected":false},"author":1,"featured_media":0,"parent":0,"menu_order":0,"comment_status":"closed","ping_status":"closed","template":"","meta":{"footnotes":""},"class_list":["post-738","page","type-page","status-publish","hentry"],"_links":{"self":[{"href":"https:\/\/compagnie.onimagine.fr\/index.php?rest_route=\/wp\/v2\/pages\/738","targetHints":{"allow":["GET"]}}],"collection":[{"href":"https:\/\/compagnie.onimagine.fr\/index.php?rest_route=\/wp\/v2\/pages"}],"about":[{"href":"https:\/\/compagnie.onimagine.fr\/index.php?rest_route=\/wp\/v2\/types\/page"}],"author":[{"embeddable":true,"href":"https:\/\/compagnie.onimagine.fr\/index.php?rest_route=\/wp\/v2\/users\/1"}],"replies":[{"embeddable":true,"href":"https:\/\/compagnie.onimagine.fr\/index.php?rest_route=%2Fwp%2Fv2%2Fcomments&post=738"}],"version-history":[{"count":9,"href":"https:\/\/compagnie.onimagine.fr\/index.php?rest_route=\/wp\/v2\/pages\/738\/revisions"}],"predecessor-version":[{"id":909,"href":"https:\/\/compagnie.onimagine.fr\/index.php?rest_route=\/wp\/v2\/pages\/738\/revisions\/909"}],"wp:attachment":[{"href":"https:\/\/compagnie.onimagine.fr\/index.php?rest_route=%2Fwp%2Fv2%2Fmedia&parent=738"}],"curies":[{"name":"wp","href":"https:\/\/api.w.org\/{rel}","templated":true}]}}