{"id":805,"date":"2020-06-24T11:25:36","date_gmt":"2020-06-24T09:25:36","guid":{"rendered":"https:\/\/compagnie.onimagine.fr\/?page_id=805"},"modified":"2020-06-25T11:34:39","modified_gmt":"2020-06-25T09:34:39","slug":"actions-culturelles","status":"publish","type":"page","link":"https:\/\/compagnie.onimagine.fr\/?page_id=805","title":{"rendered":"Actions culturelles"},"content":{"rendered":"\n<header class=\"page-header\">\n<h1 class=\"page-title\"><a href=\"https:\/\/compagnie.onimagine.fr\/?page_id=178\"><img loading=\"lazy\" decoding=\"async\" class=\"aligncenter size-medium wp-image-865\" src=\"https:\/\/compagnie.onimagine.fr\/wp-content\/uploads\/2020\/06\/interventions-art-300x69.jpg\" alt=\"\" width=\"300\" height=\"69\" srcset=\"https:\/\/compagnie.onimagine.fr\/wp-content\/uploads\/2020\/06\/interventions-art-300x69.jpg 300w, https:\/\/compagnie.onimagine.fr\/wp-content\/uploads\/2020\/06\/interventions-art.jpg 659w\" sizes=\"auto, (max-width: 300px) 100vw, 300px\" \/><\/a><\/h1>\n<h1 class=\"page-title\"><a href=\"https:\/\/compagnie.onimagine.fr\/?p=297\"><img loading=\"lazy\" decoding=\"async\" class=\"aligncenter size-medium wp-image-867\" src=\"https:\/\/compagnie.onimagine.fr\/wp-content\/uploads\/2020\/06\/the\u0301a\u0302trales-300x68.jpg\" alt=\"\" width=\"300\" height=\"68\" srcset=\"https:\/\/compagnie.onimagine.fr\/wp-content\/uploads\/2020\/06\/the\u0301a\u0302trales-300x68.jpg 300w, https:\/\/compagnie.onimagine.fr\/wp-content\/uploads\/2020\/06\/the\u0301a\u0302trales.jpg 661w\" sizes=\"auto, (max-width: 300px) 100vw, 300px\" \/><\/a><\/h1>\n<\/header>\n<div class=\"page-content\"><hr \/>\n<p><em>Faire th\u00e9\u00e2tre de tout.<\/em><\/p>\n<p>L\u2019artiste Anne Thunin aime \u00e0 croire qu\u2019avec conviction et imagination tout est possible. Pour cela il est important de poss\u00e9der les notions de personnages, d\u2019actions, d\u2019\u00e9motions de prendre conscience des fabuleuses possibilit\u00e9s que nous offrent notre corps et notre imaginaire, afin de pouvoir s\u2019amuser \u00e0 faire des combinaisons multiples et raconter les histoires les plus folles. On peut transformer l\u2019espace et les objets qui nous entourent \u00e0 l\u2019infini, voyager et faire voyager les spectateurs. Avec presque rien, faire tout. A travers cette d\u00e9marche, Anne tisse un lien sensible entre spectacle, acteur et spectateurs. Le spectateur devient agissant, il lui est demand\u00e9 un effort de projection, d\u2019imagination. L\u2019acteur, lui, est confront\u00e9 \u00e0 une perception qui n\u2019est pas celle qu\u2019il avait forc\u00e9ment imagin\u00e9e au d\u00e9part. Les points de vue, les regards, les imaginations se confrontent et s\u2019enrichissent.<\/p>\n<hr \/>\n<p><em>D\u00e9couvrir autrement un th\u00e8me : le conte ; et s\u2019interroger sur une pratique qu\u2019on rencontre au quotidien : la lecture.<\/em><\/p>\n<p>Voir l\u2019exp\u00e9rience sensible de la lecture : comment on bascule dans le monde intime de notre imaginaire et comment nos r\u00e9f\u00e9rences litt\u00e9raires ainsi que nos exp\u00e9riences de lecture peuvent nous permettre de r\u00e9inventer le monde \u00e0 l\u2019infini. La lecture \u00e0 haute voix jusqu\u2019\u00e0 une lecture dite \u00ab th\u00e9\u00e2tralis\u00e9e \u00bb est une pratique que la com\u00e9dienne affectionne particuli\u00e8rement et qui l\u2019a beaucoup aid\u00e9e dans la cr\u00e9ation du spectacle on imagine. Les personnages rencontr\u00e9s lors de lectures diff\u00e9rentes, l\u2019ont pouss\u00e9e \u00e0 les incarner. Elle a d\u00fb mettre sa ma\u00eetrise du souffle, de l\u2019interpr\u00e9tation, de l\u2019intonation au service du sens d\u2019un texte, de sa mise en valeur. Elle se sert des codes du jeu th\u00e9\u00e2tral pour captiver un auditoire en lib\u00e9rant son imaginaire et faire na\u00eetre des images. Cette exp\u00e9rience l\u2019a conduite doucement vers l\u2019adaptation et la cr\u00e9ation de texte.<\/p>\n<blockquote>\n<p>D\u2019apr\u00e8s ses intentions, Anne d\u00e9veloppe toutes formes d\u2019interventions artistiques :<\/p>\n<\/blockquote>\n<p>\u2022\u00a0<strong>Heures du conte et lectures th\u00e9\u00e2tralis\u00e9es : albums jeunesse (y compris pour les tout-petits ou sans parole), contes, romans\u2026<\/strong><br \/><strong>En m\u00e9diath\u00e8que, biblioth\u00e8que, et diff\u00e9rents \u00e9tablissements.<\/strong><\/p>\n<p><em><strong>. Ateliers Kamishiba\u00ef: pour les professionnels ou les familles. Projet scolaire autour du kamishiba\u00ef (\u00e9criture, conception, illustration, jeu\u2026)<\/strong><\/em><\/p>\n<p><strong>\u2022 Formation \u00e0 la lecture \u00e0 haute voix qui se terminera par une prestation en public<\/strong><\/p>\n<p><strong>\u2022 Th\u00e9\u00e2tre en appartement avec lecture du soir ou d\u00e9couverte des textes de th\u00e9\u00e2tre classique<\/strong><\/p>\n<p><strong>\u2022 Ecriture et mise en sc\u00e8ne : conception de spectacles avec diff\u00e9rents publics.<\/strong><\/p>\n<p><strong>\u2022 Interventions artistiques en milieu scolaire selon les projets p\u00e9dagogiques men\u00e9s par les \u00e9tablissements.<\/strong><\/p>\n<p><strong>\u2022 Interventions artistiques dans des structures solidaires aupr\u00e8s de publics en difficult\u00e9.<\/strong><\/p>\n<p><strong>\u2022 Travail sur la confiance en soi et sur la prise de parole en public.<\/strong><\/p>\n<p><em><strong>Il est possible d\u2019inventer ensemble un projet et de vous aider dans l\u2019\u00e9laboration de vos imaginations.<\/strong><\/em><\/p>\n<\/div>\n","protected":false},"excerpt":{"rendered":"<p>Faire th\u00e9\u00e2tre de tout. L\u2019artiste Anne Thunin aime \u00e0 croire qu\u2019avec conviction et imagination tout est possible. Pour cela il est important de poss\u00e9der les notions de personnages, d\u2019actions, d\u2019\u00e9motions de prendre conscience des fabuleuses possibilit\u00e9s que nous offrent notre corps et notre imaginaire, afin de pouvoir s\u2019amuser \u00e0 faire des combinaisons multiples et raconter&hellip;<\/p>\n","protected":false},"author":1,"featured_media":0,"parent":0,"menu_order":0,"comment_status":"closed","ping_status":"closed","template":"","meta":{"footnotes":""},"class_list":["post-805","page","type-page","status-publish","hentry"],"_links":{"self":[{"href":"https:\/\/compagnie.onimagine.fr\/index.php?rest_route=\/wp\/v2\/pages\/805","targetHints":{"allow":["GET"]}}],"collection":[{"href":"https:\/\/compagnie.onimagine.fr\/index.php?rest_route=\/wp\/v2\/pages"}],"about":[{"href":"https:\/\/compagnie.onimagine.fr\/index.php?rest_route=\/wp\/v2\/types\/page"}],"author":[{"embeddable":true,"href":"https:\/\/compagnie.onimagine.fr\/index.php?rest_route=\/wp\/v2\/users\/1"}],"replies":[{"embeddable":true,"href":"https:\/\/compagnie.onimagine.fr\/index.php?rest_route=%2Fwp%2Fv2%2Fcomments&post=805"}],"version-history":[{"count":4,"href":"https:\/\/compagnie.onimagine.fr\/index.php?rest_route=\/wp\/v2\/pages\/805\/revisions"}],"predecessor-version":[{"id":876,"href":"https:\/\/compagnie.onimagine.fr\/index.php?rest_route=\/wp\/v2\/pages\/805\/revisions\/876"}],"wp:attachment":[{"href":"https:\/\/compagnie.onimagine.fr\/index.php?rest_route=%2Fwp%2Fv2%2Fmedia&parent=805"}],"curies":[{"name":"wp","href":"https:\/\/api.w.org\/{rel}","templated":true}]}}